{"id":646,"date":"2015-08-27T17:48:02","date_gmt":"2015-08-27T16:48:02","guid":{"rendered":"http:\/\/variationsphase.de\/vp\/?page_id=646"},"modified":"2026-03-12T21:07:50","modified_gmt":"2026-03-12T20:07:50","slug":"startseite","status":"publish","type":"page","link":"https:\/\/variationsphase.de\/vp\/","title":{"rendered":"Startseite"},"content":{"rendered":"\n<div class=\"wp-block-columns is-layout-flex wp-container-core-columns-is-layout-28f84493 wp-block-columns-is-layout-flex\">\n<div class=\"wp-block-column is-layout-flow wp-block-column-is-layout-flow\"><\/div>\n\n\n\n<div class=\"wp-block-column is-layout-flow wp-block-column-is-layout-flow\"><\/div>\n\n\n\n<div class=\"wp-block-column is-layout-flow wp-block-column-is-layout-flow\"><\/div>\n<\/div>\n\n\n\n<div class=\"wp-block-group alignfull is-layout-constrained wp-container-core-group-is-layout-0c9c989a wp-block-group-is-layout-constrained\" style=\"min-height:0vh;margin-top:0;margin-bottom:0;padding-top:var(--wp--preset--spacing--70);padding-right:var(--wp--preset--spacing--40);padding-bottom:var(--wp--preset--spacing--70);padding-left:var(--wp--preset--spacing--40)\">\n<div class=\"wp-block-group is-layout-constrained wp-container-core-group-is-layout-346627ba wp-block-group-is-layout-constrained\">\n<h2 class=\"wp-block-heading has-text-align-center has-xx-large-font-size\" style=\"margin-right:0;margin-left:0;padding-right:0;padding-left:0\">Fr\u00fchjahrsputz<\/h2>\n\n\n\n<p class=\"has-text-align-center\">Die Variationsphase wird gerade neu strukturiert und ist in K\u00fcrze wieder verf\u00fcgbar.<\/p>\n<\/div>\n<\/div>\n\n\n\n<div class=\"wp-block-group alignfull is-style-section-1 is-layout-constrained wp-container-core-group-is-layout-ebee8dc1 wp-block-group-is-layout-constrained\" style=\"margin-top:0;margin-bottom:0;padding-top:var(--wp--preset--spacing--50);padding-bottom:var(--wp--preset--spacing--50)\">\n<div class=\"wp-block-columns alignwide is-layout-flex wp-container-core-columns-is-layout-28f84493 wp-block-columns-is-layout-flex\">\n<div class=\"wp-block-column is-style-default is-layout-flow wp-block-column-is-layout-flow\">\n<figure class=\"wp-block-image\"><img loading=\"lazy\" decoding=\"async\" width=\"820\" height=\"329\" src=\"https:\/\/variationsphase.de\/vp\/wp-content\/uploads\/2015\/10\/2015-02-16_zeichnen-lernen.png\" alt=\"\" class=\"wp-image-781\" style=\"aspect-ratio:3\/2;object-fit:cover\" srcset=\"https:\/\/variationsphase.de\/vp\/wp-content\/uploads\/2015\/10\/2015-02-16_zeichnen-lernen.png 820w, https:\/\/variationsphase.de\/vp\/wp-content\/uploads\/2015\/10\/2015-02-16_zeichnen-lernen-380x152.png 380w, https:\/\/variationsphase.de\/vp\/wp-content\/uploads\/2015\/10\/2015-02-16_zeichnen-lernen-768x308.png 768w, https:\/\/variationsphase.de\/vp\/wp-content\/uploads\/2015\/10\/2015-02-16_zeichnen-lernen-250x100.png 250w, https:\/\/variationsphase.de\/vp\/wp-content\/uploads\/2015\/10\/2015-02-16_zeichnen-lernen-550x221.png 550w, https:\/\/variationsphase.de\/vp\/wp-content\/uploads\/2015\/10\/2015-02-16_zeichnen-lernen-800x321.png 800w, https:\/\/variationsphase.de\/vp\/wp-content\/uploads\/2015\/10\/2015-02-16_zeichnen-lernen-449x180.png 449w, https:\/\/variationsphase.de\/vp\/wp-content\/uploads\/2015\/10\/2015-02-16_zeichnen-lernen-748x300.png 748w\" sizes=\"auto, (max-width: 820px) 100vw, 820px\" \/><\/figure>\n\n\n\n<h3 class=\"wp-block-heading\">Zeichnen lernen<\/h3>\n\n\n\n<p class=\"has-medium-font-size\">Malen und Zeichnen geh\u00f6ren wie Singen, Musizieren oder Tanzen zu den M\u00f6glichkeiten der kreativen Entfaltung und geben jedem die Chance, sich selbst auszudr\u00fccken. <\/p>\n\n\n\n<div class=\"wp-block-buttons is-layout-flex wp-block-buttons-is-layout-flex\">\n<div class=\"wp-block-button\"><a class=\"wp-block-button__link wp-element-button\" href=\"https:\/\/variationsphase.de\/vp\/zeichnen-lernen\/\">\u00dcbersicht der Beitr\u00e4ge<\/a><\/div>\n<\/div>\n<\/div>\n\n\n\n<div class=\"wp-block-column is-layout-flow wp-block-column-is-layout-flow\">\n<figure class=\"wp-block-image\"><img loading=\"lazy\" decoding=\"async\" width=\"1400\" height=\"745\" src=\"https:\/\/variationsphase.de\/vp\/wp-content\/uploads\/2016\/05\/2016_artikel-bleistift_featured.jpg\" alt=\"\" class=\"wp-image-1142\" style=\"aspect-ratio:3\/2;object-fit:cover\" srcset=\"https:\/\/variationsphase.de\/vp\/wp-content\/uploads\/2016\/05\/2016_artikel-bleistift_featured.jpg 1400w, https:\/\/variationsphase.de\/vp\/wp-content\/uploads\/2016\/05\/2016_artikel-bleistift_featured-380x202.jpg 380w, https:\/\/variationsphase.de\/vp\/wp-content\/uploads\/2016\/05\/2016_artikel-bleistift_featured-1024x545.jpg 1024w, https:\/\/variationsphase.de\/vp\/wp-content\/uploads\/2016\/05\/2016_artikel-bleistift_featured-768x409.jpg 768w, https:\/\/variationsphase.de\/vp\/wp-content\/uploads\/2016\/05\/2016_artikel-bleistift_featured-250x133.jpg 250w, https:\/\/variationsphase.de\/vp\/wp-content\/uploads\/2016\/05\/2016_artikel-bleistift_featured-550x293.jpg 550w, https:\/\/variationsphase.de\/vp\/wp-content\/uploads\/2016\/05\/2016_artikel-bleistift_featured-800x426.jpg 800w, https:\/\/variationsphase.de\/vp\/wp-content\/uploads\/2016\/05\/2016_artikel-bleistift_featured-338x180.jpg 338w, https:\/\/variationsphase.de\/vp\/wp-content\/uploads\/2016\/05\/2016_artikel-bleistift_featured-564x300.jpg 564w, https:\/\/variationsphase.de\/vp\/wp-content\/uploads\/2016\/05\/2016_artikel-bleistift_featured-940x500.jpg 940w\" sizes=\"auto, (max-width: 1400px) 100vw, 1400px\" \/><\/figure>\n\n\n\n<h3 class=\"wp-block-heading\">Mit Bleistift zeichnen<\/h3>\n\n\n\n<p class=\"has-medium-font-size\">Wie Blumen, die an unerwarteten Orten bl\u00fchen, entfaltet sich jede Geschichte mit Sch\u00f6nheit und Widerstandsf\u00e4higkeit<\/p>\n\n\n\n<div class=\"wp-block-buttons is-layout-flex wp-block-buttons-is-layout-flex\">\n<div class=\"wp-block-button is-style-outline is-style-outline--1\"><a class=\"wp-block-button__link wp-element-button\" href=\"https:\/\/variationsphase.de\/vp\/zeichnen-lernen\/mit-bleistift-zeichnen\/\">Zum Beitrag<\/a><\/div>\n<\/div>\n<\/div>\n<\/div>\n<\/div>\n\n\n\n<p><br>Aktuelle Beitr\u00e4ge<\/p>\n\n\n\n<div class=\"wp-block-query is-layout-flow wp-block-query-is-layout-flow\"><ul class=\"columns-2 wp-block-post-template is-layout-grid wp-container-core-post-template-is-layout-f12a65ed wp-block-post-template-is-layout-grid\"><li class=\"wp-block-post post-3455 post type-post status-publish format-standard has-post-thumbnail hentry category-comic-zeichnen tag-comic tag-projekt-52  tg-column-two\">\n\n<div class=\"wp-block-columns alignwide is-layout-flex wp-container-core-columns-is-layout-28f84493 wp-block-columns-is-layout-flex\">\n<div class=\"wp-block-column is-vertically-aligned-top is-style-default is-layout-flow wp-block-column-is-layout-flow\" style=\"flex-basis:100%\"><figure style=\"aspect-ratio:16\/9;\" class=\"wp-block-post-featured-image\"><img loading=\"lazy\" decoding=\"async\" width=\"1400\" height=\"725\" src=\"https:\/\/variationsphase.de\/vp\/wp-content\/uploads\/2026\/04\/2026-05-01_p52-comic-story-feature.jpg\" class=\"attachment-post-thumbnail size-post-thumbnail wp-post-image\" alt=\"\" style=\"width:100%;height:100%;object-fit:cover;\" srcset=\"https:\/\/variationsphase.de\/vp\/wp-content\/uploads\/2026\/04\/2026-05-01_p52-comic-story-feature.jpg 1400w, https:\/\/variationsphase.de\/vp\/wp-content\/uploads\/2026\/04\/2026-05-01_p52-comic-story-feature-380x197.jpg 380w, https:\/\/variationsphase.de\/vp\/wp-content\/uploads\/2026\/04\/2026-05-01_p52-comic-story-feature-1024x530.jpg 1024w, https:\/\/variationsphase.de\/vp\/wp-content\/uploads\/2026\/04\/2026-05-01_p52-comic-story-feature-768x398.jpg 768w\" sizes=\"auto, (max-width: 1400px) 100vw, 1400px\" \/><\/figure>\n\n\n<div class=\"wp-block-group is-nowrap is-layout-flex wp-container-core-group-is-layout-6c531013 wp-block-group-is-layout-flex\"><h2 class=\"wp-block-post-title\"><a href=\"https:\/\/variationsphase.de\/vp\/2026\/04\/wie-aus-vier-begriffen-ein-kleiner-comic-entstand\/\" target=\"_self\" >Wie aus vier Begriffen ein kleiner Comic entstand<\/a><\/h2><\/div>\n\n\n<div class=\"wp-block-post-excerpt\"><p class=\"wp-block-post-excerpt__excerpt\">Als Sari Ende M\u00e4rz die vier Begriffe f\u00fcr den April ver\u00f6ffentlichte, fragte ich mich, ob ich ein weiteres Kreativexperiment wagen sollte. Ich hatte mir in Miro eine Brainstorming-Vorlage gebaut: Eine Matrix bestehend aus den vier Signposts und den vier potentiellen<\/p><p class=\"wp-block-post-excerpt__more-text\"><a class=\"wp-block-post-excerpt__more-link\" href=\"https:\/\/variationsphase.de\/vp\/2026\/04\/wie-aus-vier-begriffen-ein-kleiner-comic-entstand\/\">Weiter lesen<\/a><\/p><\/div>\n\n\n<hr class=\"wp-block-separator has-alpha-channel-opacity\"\/>\n<\/div>\n<\/div>\n\n<\/li><li class=\"wp-block-post post-3450 post type-post status-publish format-standard has-post-thumbnail hentry category-das-verborgene-gleichgewicht tag-buntstifte tag-comic tag-das-verborgene-gleichgewicht tag-projekt-52  tg-column-two\">\n\n<div class=\"wp-block-columns alignwide is-layout-flex wp-container-core-columns-is-layout-28f84493 wp-block-columns-is-layout-flex\">\n<div class=\"wp-block-column is-vertically-aligned-top is-style-default is-layout-flow wp-block-column-is-layout-flow\" style=\"flex-basis:100%\"><figure style=\"aspect-ratio:16\/9;\" class=\"wp-block-post-featured-image\"><img loading=\"lazy\" decoding=\"async\" width=\"1400\" height=\"906\" src=\"https:\/\/variationsphase.de\/vp\/wp-content\/uploads\/2026\/04\/2026-04-26_p52-kochen-comic-feature.jpg\" class=\"attachment-post-thumbnail size-post-thumbnail wp-post-image\" alt=\"Teaser: Comic &quot;Kochen&quot;\" style=\"width:100%;height:100%;object-fit:cover;\" srcset=\"https:\/\/variationsphase.de\/vp\/wp-content\/uploads\/2026\/04\/2026-04-26_p52-kochen-comic-feature.jpg 1400w, https:\/\/variationsphase.de\/vp\/wp-content\/uploads\/2026\/04\/2026-04-26_p52-kochen-comic-feature-380x246.jpg 380w, https:\/\/variationsphase.de\/vp\/wp-content\/uploads\/2026\/04\/2026-04-26_p52-kochen-comic-feature-1024x663.jpg 1024w, https:\/\/variationsphase.de\/vp\/wp-content\/uploads\/2026\/04\/2026-04-26_p52-kochen-comic-feature-768x497.jpg 768w\" sizes=\"auto, (max-width: 1400px) 100vw, 1400px\" \/><\/figure>\n\n\n<div class=\"wp-block-group is-nowrap is-layout-flex wp-container-core-group-is-layout-6c531013 wp-block-group-is-layout-flex\"><h2 class=\"wp-block-post-title\"><a href=\"https:\/\/variationsphase.de\/vp\/2026\/04\/gesellschaft-p52-kochen\/\" target=\"_self\" >Gesellschaft (P52, Kochen)<\/a><\/h2><\/div>\n\n\n<div class=\"wp-block-post-excerpt\"><p class=\"wp-block-post-excerpt__excerpt\">Gesellschaft (P52, Kochen) Nun neigt sich der Monat April langsam dem Ende und wir sind bei Seite 4 meiner kleinen Mini-Serie angekommen. Das vierte Thema des Monats April war mit \u201eKochen\u201c wesentlich konkreter als die letzten beiden. Entsprechend haben wir<\/p><p class=\"wp-block-post-excerpt__more-text\"><a class=\"wp-block-post-excerpt__more-link\" href=\"https:\/\/variationsphase.de\/vp\/2026\/04\/gesellschaft-p52-kochen\/\">Weiter lesen<\/a><\/p><\/div>\n\n\n<hr class=\"wp-block-separator has-alpha-channel-opacity\"\/>\n<\/div>\n<\/div>\n\n<\/li><li class=\"wp-block-post post-3435 post type-post status-publish format-standard has-post-thumbnail hentry category-ki-im-kreativen-prozess  tg-column-two\">\n\n<div class=\"wp-block-columns alignwide is-layout-flex wp-container-core-columns-is-layout-28f84493 wp-block-columns-is-layout-flex\">\n<div class=\"wp-block-column is-vertically-aligned-top is-style-default is-layout-flow wp-block-column-is-layout-flow\" style=\"flex-basis:100%\"><figure style=\"aspect-ratio:16\/9;\" class=\"wp-block-post-featured-image\"><img loading=\"lazy\" decoding=\"async\" width=\"1400\" height=\"887\" src=\"https:\/\/variationsphase.de\/vp\/wp-content\/uploads\/2026\/04\/2026-04-23_ki-prokrastination-feature.jpg\" class=\"attachment-post-thumbnail size-post-thumbnail wp-post-image\" alt=\"Ideen mit KI zu diskutieren ist wie ein Sturz in den Kaninchenbau.\" style=\"width:100%;height:100%;object-fit:cover;\" srcset=\"https:\/\/variationsphase.de\/vp\/wp-content\/uploads\/2026\/04\/2026-04-23_ki-prokrastination-feature.jpg 1400w, https:\/\/variationsphase.de\/vp\/wp-content\/uploads\/2026\/04\/2026-04-23_ki-prokrastination-feature-380x241.jpg 380w, https:\/\/variationsphase.de\/vp\/wp-content\/uploads\/2026\/04\/2026-04-23_ki-prokrastination-feature-1024x649.jpg 1024w, https:\/\/variationsphase.de\/vp\/wp-content\/uploads\/2026\/04\/2026-04-23_ki-prokrastination-feature-768x487.jpg 768w\" sizes=\"auto, (max-width: 1400px) 100vw, 1400px\" \/><\/figure>\n\n\n<div class=\"wp-block-group is-nowrap is-layout-flex wp-container-core-group-is-layout-6c531013 wp-block-group-is-layout-flex\"><h2 class=\"wp-block-post-title\"><a href=\"https:\/\/variationsphase.de\/vp\/2026\/04\/zwischen-prokrastination-und-gefuehlter-produktivitaet-bei-der-arbeit-mit-ki\/\" target=\"_self\" >Zwischen Prokrastination und gef\u00fchlter Produktivit\u00e4t bei der Arbeit mit KI<\/a><\/h2><\/div>\n\n\n<div class=\"wp-block-post-excerpt\"><p class=\"wp-block-post-excerpt__excerpt\">In dem einen Moment mache ich die Betten oder stehe in der K\u00fcche und dann ist er da. So ein kurzer Gedanke. Entweder f\u00fcr einen Aspekt in meiner Geschichte oder auch f\u00fcr einen Blog Beitrag. Das Smartphone ist ohnehin oft<\/p><p class=\"wp-block-post-excerpt__more-text\"><a class=\"wp-block-post-excerpt__more-link\" href=\"https:\/\/variationsphase.de\/vp\/2026\/04\/zwischen-prokrastination-und-gefuehlter-produktivitaet-bei-der-arbeit-mit-ki\/\">Weiter lesen<\/a><\/p><\/div>\n\n\n<hr class=\"wp-block-separator has-alpha-channel-opacity\"\/>\n<\/div>\n<\/div>\n\n<\/li><li class=\"wp-block-post post-3428 post type-post status-publish format-standard has-post-thumbnail hentry category-das-verborgene-gleichgewicht tag-buntstifte tag-comic tag-das-verborgene-gleichgewicht tag-projekt-52  tg-column-two\">\n\n<div class=\"wp-block-columns alignwide is-layout-flex wp-container-core-columns-is-layout-28f84493 wp-block-columns-is-layout-flex\">\n<div class=\"wp-block-column is-vertically-aligned-top is-style-default is-layout-flow wp-block-column-is-layout-flow\" style=\"flex-basis:100%\"><figure style=\"aspect-ratio:16\/9;\" class=\"wp-block-post-featured-image\"><img loading=\"lazy\" decoding=\"async\" width=\"1400\" height=\"899\" src=\"https:\/\/variationsphase.de\/vp\/wp-content\/uploads\/2026\/04\/2026-04-21_p52-gelernt-feature.jpg\" class=\"attachment-post-thumbnail size-post-thumbnail wp-post-image\" alt=\"Teaser: Comic &quot;Gelernt&quot;\" style=\"width:100%;height:100%;object-fit:cover;\" srcset=\"https:\/\/variationsphase.de\/vp\/wp-content\/uploads\/2026\/04\/2026-04-21_p52-gelernt-feature.jpg 1400w, https:\/\/variationsphase.de\/vp\/wp-content\/uploads\/2026\/04\/2026-04-21_p52-gelernt-feature-380x244.jpg 380w, https:\/\/variationsphase.de\/vp\/wp-content\/uploads\/2026\/04\/2026-04-21_p52-gelernt-feature-1024x658.jpg 1024w, https:\/\/variationsphase.de\/vp\/wp-content\/uploads\/2026\/04\/2026-04-21_p52-gelernt-feature-768x493.jpg 768w\" sizes=\"auto, (max-width: 1400px) 100vw, 1400px\" \/><\/figure>\n\n\n<div class=\"wp-block-group is-nowrap is-layout-flex wp-container-core-group-is-layout-6c531013 wp-block-group-is-layout-flex\"><h2 class=\"wp-block-post-title\"><a href=\"https:\/\/variationsphase.de\/vp\/2026\/04\/wunden-der-vergangenheit-p52-gelernt\/\" target=\"_self\" >Wunden der Vergangenheit (P52, Gelernt)<\/a><\/h2><\/div>\n\n\n<div class=\"wp-block-post-excerpt\"><p class=\"wp-block-post-excerpt__excerpt\">Heute geht es weiter mit der dritten Seite meiner Mini-Serie. Dieses Mal lernt Enya etwas \u00fcber Ursa und versteht nun besser, warum Ursa \u00fcberhaupt Kilian zugeteilt wurde.&nbsp; Teil 1: Das Versteck (P52, Kuscheltier) Teil 2: Wundersame Herkunft (P52, Fantasie)&nbsp; Ursa<\/p><p class=\"wp-block-post-excerpt__more-text\"><a class=\"wp-block-post-excerpt__more-link\" href=\"https:\/\/variationsphase.de\/vp\/2026\/04\/wunden-der-vergangenheit-p52-gelernt\/\">Weiter lesen<\/a><\/p><\/div>\n\n\n<hr class=\"wp-block-separator has-alpha-channel-opacity\"\/>\n<\/div>\n<\/div>\n\n<\/li><\/ul><\/div>\n   ","protected":false},"excerpt":{"rendered":"<p>Fr\u00fchjahrsputz Die Variationsphase wird gerade neu strukturiert und ist in K\u00fcrze wieder verf\u00fcgbar. Zeichnen lernen Malen und Zeichnen geh\u00f6ren wie Singen, Musizieren oder Tanzen zu den M\u00f6glichkeiten der kreativen Entfaltung und geben jedem die Chance, sich selbst auszudr\u00fccken. Mit Bleistift<\/p>\n","protected":false},"author":1,"featured_media":0,"parent":0,"menu_order":0,"comment_status":"closed","ping_status":"closed","template":"page-templates\/business.php","meta":{"footnotes":""},"class_list":["post-646","page","type-page","status-publish","hentry","","tg-column-two"],"yoast_head":"<!-- This site is optimized with the Yoast SEO plugin v27.5 - https:\/\/yoast.com\/product\/yoast-seo-wordpress\/ -->\n<title>Startseite - variationsphase<\/title>\n<meta name=\"robots\" content=\"index, follow, max-snippet:-1, max-image-preview:large, max-video-preview:-1\" \/>\n<link rel=\"canonical\" href=\"https:\/\/variationsphase.de\/vp\/\" \/>\n<meta property=\"og:locale\" content=\"de_DE\" \/>\n<meta property=\"og:type\" content=\"article\" \/>\n<meta property=\"og:title\" content=\"Startseite - variationsphase\" \/>\n<meta property=\"og:description\" content=\"Fr\u00fchjahrsputz Die Variationsphase wird gerade neu strukturiert und ist in K\u00fcrze wieder verf\u00fcgbar. Zeichnen lernen Malen und Zeichnen geh\u00f6ren wie Singen, Musizieren oder Tanzen zu den M\u00f6glichkeiten der kreativen Entfaltung und geben jedem die Chance, sich selbst auszudr\u00fccken. Mit Bleistift\" \/>\n<meta property=\"og:url\" content=\"https:\/\/variationsphase.de\/vp\/\" \/>\n<meta property=\"og:site_name\" content=\"variationsphase\" \/>\n<meta property=\"article:modified_time\" content=\"2026-03-12T20:07:50+00:00\" \/>\n<meta property=\"og:image\" content=\"https:\/\/variationsphase.de\/vp\/wp-content\/uploads\/2015\/10\/2015-02-16_zeichnen-lernen.png\" \/>\n\t<meta property=\"og:image:width\" content=\"820\" \/>\n\t<meta property=\"og:image:height\" content=\"329\" \/>\n\t<meta property=\"og:image:type\" content=\"image\/png\" \/>\n<meta name=\"twitter:card\" content=\"summary_large_image\" \/>\n<meta name=\"twitter:label1\" content=\"Gesch\u00e4tzte Lesezeit\" \/>\n\t<meta name=\"twitter:data1\" content=\"1\u00a0Minute\" \/>\n<script type=\"application\/ld+json\" class=\"yoast-schema-graph\">{\"@context\":\"https:\\\/\\\/schema.org\",\"@graph\":[{\"@type\":\"WebPage\",\"@id\":\"https:\\\/\\\/variationsphase.de\\\/vp\\\/\",\"url\":\"https:\\\/\\\/variationsphase.de\\\/vp\\\/\",\"name\":\"Startseite - variationsphase\",\"isPartOf\":{\"@id\":\"https:\\\/\\\/variationsphase.de\\\/vp\\\/#website\"},\"primaryImageOfPage\":{\"@id\":\"https:\\\/\\\/variationsphase.de\\\/vp\\\/#primaryimage\"},\"image\":{\"@id\":\"https:\\\/\\\/variationsphase.de\\\/vp\\\/#primaryimage\"},\"thumbnailUrl\":\"https:\\\/\\\/variationsphase.de\\\/vp\\\/wp-content\\\/uploads\\\/2015\\\/10\\\/2015-02-16_zeichnen-lernen.png\",\"datePublished\":\"2015-08-27T16:48:02+00:00\",\"dateModified\":\"2026-03-12T20:07:50+00:00\",\"breadcrumb\":{\"@id\":\"https:\\\/\\\/variationsphase.de\\\/vp\\\/#breadcrumb\"},\"inLanguage\":\"de\",\"potentialAction\":[{\"@type\":\"ReadAction\",\"target\":[\"https:\\\/\\\/variationsphase.de\\\/vp\\\/\"]}]},{\"@type\":\"ImageObject\",\"inLanguage\":\"de\",\"@id\":\"https:\\\/\\\/variationsphase.de\\\/vp\\\/#primaryimage\",\"url\":\"https:\\\/\\\/variationsphase.de\\\/vp\\\/wp-content\\\/uploads\\\/2015\\\/10\\\/2015-02-16_zeichnen-lernen.png\",\"contentUrl\":\"https:\\\/\\\/variationsphase.de\\\/vp\\\/wp-content\\\/uploads\\\/2015\\\/10\\\/2015-02-16_zeichnen-lernen.png\",\"width\":820,\"height\":329},{\"@type\":\"BreadcrumbList\",\"@id\":\"https:\\\/\\\/variationsphase.de\\\/vp\\\/#breadcrumb\",\"itemListElement\":[{\"@type\":\"ListItem\",\"position\":1,\"name\":\"Home\",\"item\":\"https:\\\/\\\/variationsphase.de\\\/vp\\\/\"},{\"@type\":\"ListItem\",\"position\":2,\"name\":\"Startseite\"}]},{\"@type\":\"WebSite\",\"@id\":\"https:\\\/\\\/variationsphase.de\\\/vp\\\/#website\",\"url\":\"https:\\\/\\\/variationsphase.de\\\/vp\\\/\",\"name\":\"variationsphase\",\"description\":\"Visualisierung und Erz\u00e4hlr\u00e4ume\",\"publisher\":{\"@id\":\"https:\\\/\\\/variationsphase.de\\\/vp\\\/#\\\/schema\\\/person\\\/3bf21877116b4f739db46a11f19ec0dd\"},\"potentialAction\":[{\"@type\":\"SearchAction\",\"target\":{\"@type\":\"EntryPoint\",\"urlTemplate\":\"https:\\\/\\\/variationsphase.de\\\/vp\\\/?s={search_term_string}\"},\"query-input\":{\"@type\":\"PropertyValueSpecification\",\"valueRequired\":true,\"valueName\":\"search_term_string\"}}],\"inLanguage\":\"de\"},{\"@type\":[\"Person\",\"Organization\"],\"@id\":\"https:\\\/\\\/variationsphase.de\\\/vp\\\/#\\\/schema\\\/person\\\/3bf21877116b4f739db46a11f19ec0dd\",\"name\":\"Christina\",\"logo\":{\"@id\":\"https:\\\/\\\/variationsphase.de\\\/vp\\\/#\\\/schema\\\/person\\\/image\\\/\"}}]}<\/script>\n<!-- \/ Yoast SEO plugin. -->","yoast_head_json":{"title":"Startseite - variationsphase","robots":{"index":"index","follow":"follow","max-snippet":"max-snippet:-1","max-image-preview":"max-image-preview:large","max-video-preview":"max-video-preview:-1"},"canonical":"https:\/\/variationsphase.de\/vp\/","og_locale":"de_DE","og_type":"article","og_title":"Startseite - variationsphase","og_description":"Fr\u00fchjahrsputz Die Variationsphase wird gerade neu strukturiert und ist in K\u00fcrze wieder verf\u00fcgbar. Zeichnen lernen Malen und Zeichnen geh\u00f6ren wie Singen, Musizieren oder Tanzen zu den M\u00f6glichkeiten der kreativen Entfaltung und geben jedem die Chance, sich selbst auszudr\u00fccken. Mit Bleistift","og_url":"https:\/\/variationsphase.de\/vp\/","og_site_name":"variationsphase","article_modified_time":"2026-03-12T20:07:50+00:00","og_image":[{"width":820,"height":329,"url":"https:\/\/variationsphase.de\/vp\/wp-content\/uploads\/2015\/10\/2015-02-16_zeichnen-lernen.png","type":"image\/png"}],"twitter_card":"summary_large_image","twitter_misc":{"Gesch\u00e4tzte Lesezeit":"1\u00a0Minute"},"schema":{"@context":"https:\/\/schema.org","@graph":[{"@type":"WebPage","@id":"https:\/\/variationsphase.de\/vp\/","url":"https:\/\/variationsphase.de\/vp\/","name":"Startseite - variationsphase","isPartOf":{"@id":"https:\/\/variationsphase.de\/vp\/#website"},"primaryImageOfPage":{"@id":"https:\/\/variationsphase.de\/vp\/#primaryimage"},"image":{"@id":"https:\/\/variationsphase.de\/vp\/#primaryimage"},"thumbnailUrl":"https:\/\/variationsphase.de\/vp\/wp-content\/uploads\/2015\/10\/2015-02-16_zeichnen-lernen.png","datePublished":"2015-08-27T16:48:02+00:00","dateModified":"2026-03-12T20:07:50+00:00","breadcrumb":{"@id":"https:\/\/variationsphase.de\/vp\/#breadcrumb"},"inLanguage":"de","potentialAction":[{"@type":"ReadAction","target":["https:\/\/variationsphase.de\/vp\/"]}]},{"@type":"ImageObject","inLanguage":"de","@id":"https:\/\/variationsphase.de\/vp\/#primaryimage","url":"https:\/\/variationsphase.de\/vp\/wp-content\/uploads\/2015\/10\/2015-02-16_zeichnen-lernen.png","contentUrl":"https:\/\/variationsphase.de\/vp\/wp-content\/uploads\/2015\/10\/2015-02-16_zeichnen-lernen.png","width":820,"height":329},{"@type":"BreadcrumbList","@id":"https:\/\/variationsphase.de\/vp\/#breadcrumb","itemListElement":[{"@type":"ListItem","position":1,"name":"Home","item":"https:\/\/variationsphase.de\/vp\/"},{"@type":"ListItem","position":2,"name":"Startseite"}]},{"@type":"WebSite","@id":"https:\/\/variationsphase.de\/vp\/#website","url":"https:\/\/variationsphase.de\/vp\/","name":"variationsphase","description":"Visualisierung und Erz\u00e4hlr\u00e4ume","publisher":{"@id":"https:\/\/variationsphase.de\/vp\/#\/schema\/person\/3bf21877116b4f739db46a11f19ec0dd"},"potentialAction":[{"@type":"SearchAction","target":{"@type":"EntryPoint","urlTemplate":"https:\/\/variationsphase.de\/vp\/?s={search_term_string}"},"query-input":{"@type":"PropertyValueSpecification","valueRequired":true,"valueName":"search_term_string"}}],"inLanguage":"de"},{"@type":["Person","Organization"],"@id":"https:\/\/variationsphase.de\/vp\/#\/schema\/person\/3bf21877116b4f739db46a11f19ec0dd","name":"Christina","logo":{"@id":"https:\/\/variationsphase.de\/vp\/#\/schema\/person\/image\/"}}]}},"_links":{"self":[{"href":"https:\/\/variationsphase.de\/vp\/wp-json\/wp\/v2\/pages\/646","targetHints":{"allow":["GET"]}}],"collection":[{"href":"https:\/\/variationsphase.de\/vp\/wp-json\/wp\/v2\/pages"}],"about":[{"href":"https:\/\/variationsphase.de\/vp\/wp-json\/wp\/v2\/types\/page"}],"author":[{"embeddable":true,"href":"https:\/\/variationsphase.de\/vp\/wp-json\/wp\/v2\/users\/1"}],"replies":[{"embeddable":true,"href":"https:\/\/variationsphase.de\/vp\/wp-json\/wp\/v2\/comments?post=646"}],"version-history":[{"count":8,"href":"https:\/\/variationsphase.de\/vp\/wp-json\/wp\/v2\/pages\/646\/revisions"}],"predecessor-version":[{"id":3233,"href":"https:\/\/variationsphase.de\/vp\/wp-json\/wp\/v2\/pages\/646\/revisions\/3233"}],"wp:attachment":[{"href":"https:\/\/variationsphase.de\/vp\/wp-json\/wp\/v2\/media?parent=646"}],"curies":[{"name":"wp","href":"https:\/\/api.w.org\/{rel}","templated":true}]}}