{"id":630,"date":"2015-07-24T17:27:56","date_gmt":"2015-07-24T16:27:56","guid":{"rendered":"http:\/\/variationsphase.de\/vp\/?page_id=630"},"modified":"2026-04-11T08:04:56","modified_gmt":"2026-04-11T07:04:56","slug":"ich","status":"publish","type":"page","link":"https:\/\/variationsphase.de\/vp\/ich\/","title":{"rendered":"\u00dcber mich"},"content":{"rendered":"\n<h2 class=\"wp-block-heading\">\u00dcber mich<\/h2>\n\n\n\n<figure class=\"wp-block-image alignleft size-medium\"><img loading=\"lazy\" decoding=\"async\" width=\"266\" height=\"380\" src=\"https:\/\/variationsphase.de\/vp\/wp-content\/uploads\/2020\/11\/portrait2020-266x380.jpg\" alt=\"\" class=\"wp-image-2785\" srcset=\"https:\/\/variationsphase.de\/vp\/wp-content\/uploads\/2020\/11\/portrait2020-266x380.jpg 266w, https:\/\/variationsphase.de\/vp\/wp-content\/uploads\/2020\/11\/portrait2020-718x1024.jpg 718w, https:\/\/variationsphase.de\/vp\/wp-content\/uploads\/2020\/11\/portrait2020-768x1096.jpg 768w, https:\/\/variationsphase.de\/vp\/wp-content\/uploads\/2020\/11\/portrait2020.jpg 900w\" sizes=\"auto, (max-width: 266px) 100vw, 266px\" \/><\/figure>\n\n\n\n<p>Seit Abschluss meines Medieninformatik-Studiums arbeite ich &#8211; mit variierendem Schwerpunkt &#8211; als Online Projektmanagerin, Konzepterin und Teamleiterin. <em>(Mehr auf <a href=\"https:\/\/www.xing.com\/profile\/Christina_Schoffer\" target=\"_blank\" rel=\"noopener noreferrer\">XING<\/a>)<\/em><\/p>\n\n\n\n<p>Nach Abgabe meiner Abschlussarbeit 2010 habe ich mit Hilfe von <a href=\"http:\/\/michaelmusal.com\/michaelmusal.com\/Welcome.html\" target=\"_blank\" rel=\"noopener noreferrer\">Michael Musal<\/a> und der <a href=\"https:\/\/www.facebook.com\/OnlineDrawingClass\/?fref=ts\" target=\"_blank\" rel=\"noopener noreferrer\">ODC<\/a> an meinen zeichnerischen F\u00e4higkeiten gearbeitet. Oft sp\u00e4t am Abend nach der Arbeit oder an freien Tagen, sodass der Fortschritt eher langsam und etwas m\u00fchsam von statten ging. Doch ich bin froh \u00fcber das, was ich bisher erreichen konnte. Im Laufe der Jahre haben wir schlie\u00dflich auch das Thema Storytelling mit aufgegriffen, um so vielleicht doch mal ein eigenes Projekt komplett umsetzen zu k\u00f6nnen.<\/p>\n\n\n\n<figure class=\"wp-block-image alignright\"><img loading=\"lazy\" decoding=\"async\" width=\"150\" height=\"150\" src=\"https:\/\/variationsphase.de\/vp\/wp-content\/uploads\/2016\/09\/icn_baby-150x150.png\" alt=\"Baby 2016\" class=\"wp-image-1365\" srcset=\"https:\/\/variationsphase.de\/vp\/wp-content\/uploads\/2016\/09\/icn_baby-150x150.png 150w, https:\/\/variationsphase.de\/vp\/wp-content\/uploads\/2016\/09\/icn_baby-230x230.png 230w, https:\/\/variationsphase.de\/vp\/wp-content\/uploads\/2016\/09\/icn_baby-48x48.png 48w, https:\/\/variationsphase.de\/vp\/wp-content\/uploads\/2016\/09\/icn_baby-250x250.png 250w, https:\/\/variationsphase.de\/vp\/wp-content\/uploads\/2016\/09\/icn_baby-180x180.png 180w, https:\/\/variationsphase.de\/vp\/wp-content\/uploads\/2016\/09\/icn_baby.png 262w\" sizes=\"auto, (max-width: 150px) 100vw, 150px\" \/><\/figure>\n\n\n\n<p>Ich habe Spa\u00df daran, mich kreativ auszuleben. Je nach freier Zeit mal mehr und mal weniger. Gezeichnet oder gemalt wird dann sowohl analog, als auch digital &#8211; oder auch fotografiert. Eine Auswahl dessen, was dabei herauskommen kann, findet ihr auf dieser Seite.<\/p>\n\n\n\n<p>Mit der Geburt unserer kleinen Tochter im Juli 2016 und unseres kleinen Sohnes im Juli 2019 ist Zeit zu einem raren Gut geworden und es bleiben oft nur die Abendstunden zum Zeichnen. Aber ich bleibe dran und komme wieder.<\/p>\n\n\n\n<p>&#8211; Christina<\/p>\n\n\n\n<h2 class=\"wp-block-heading\">\u00dcber die Variationsphase<\/h2>\n\n\n\n<p>Die Variationsphase beschreibt einen Teil des Kreationsprozesses, bei dem man bewusst einzelne Aspekte variieren soll, um schlussendlich zur besten L\u00f6sung zu kommen.<\/p>\n\n\n\n<p>So \u00e4hnlich verh\u00e4lt es sich mit vielen Aspekten im Leben. <strong>Leben bedeutet Ver\u00e4nderung.<\/strong><\/p>\n\n\n\n<p>\u00dcber die Jahre hat sich die Variationsphase von einer Galerie\/Portfolio meiner Arbeiten hin zu einem thematisch bezogenen Blog gewandelt. Ich gebe Einblick in die Entstehungsprozesse einzelner Zeichnungen, stelle euch Materialien vor, die ich mag und versuche ein paar Grundlagen zum Zeichnen lernen zu vermitteln.<\/p>\n\n\n\n<p>Diesen Blog betreibe ich vorrangig als Hobby. Um die damit verbundenen Kosten zu tragen, findet ihr &#8211; vor allem bei den Produktvorstellungen &#8211; Affiliate Links zu Amazon. Wenn ihr \u00fcber diesen Link zu Amazon geht und im Anschluss etwas bestellt, erhalte ich von Amazon eine kleine Provision. F\u00fcr euch entstehen keine Mehrkosten.<\/p>\n\n\n\n<p>Wenn euch dieser Blog gef\u00e4llt, schaut also vor eurer n\u00e4chsten Amazon Bestellung einfach hier vorbei. Das w\u00e4re gro\u00dfartig. :)<\/p>\n\n\n\n<figure class=\"wp-block-image alignright\"><img loading=\"lazy\" decoding=\"async\" width=\"380\" height=\"328\" src=\"https:\/\/variationsphase.de\/vp\/wp-content\/uploads\/2012\/10\/012_umbrella-380x328.jpg\" alt=\"Regenschirm\" class=\"wp-image-232\" srcset=\"https:\/\/variationsphase.de\/vp\/wp-content\/uploads\/2012\/10\/012_umbrella-380x328.jpg 380w, https:\/\/variationsphase.de\/vp\/wp-content\/uploads\/2012\/10\/012_umbrella-250x216.jpg 250w, https:\/\/variationsphase.de\/vp\/wp-content\/uploads\/2012\/10\/012_umbrella-550x475.jpg 550w, https:\/\/variationsphase.de\/vp\/wp-content\/uploads\/2012\/10\/012_umbrella-209x180.jpg 209w, https:\/\/variationsphase.de\/vp\/wp-content\/uploads\/2012\/10\/012_umbrella-348x300.jpg 348w, https:\/\/variationsphase.de\/vp\/wp-content\/uploads\/2012\/10\/012_umbrella-579x500.jpg 579w, https:\/\/variationsphase.de\/vp\/wp-content\/uploads\/2012\/10\/012_umbrella.jpg 620w\" sizes=\"auto, (max-width: 380px) 100vw, 380px\" \/><\/figure>\n\n\n\n<p><\/p>\n\n\n\n<h2 class=\"wp-block-heading\">Historie<\/h2>\n\n\n\n<ul class=\"wp-block-list\">\n<li>2003 &#8211; Domain: chrissi25.de<\/li>\n\n\n\n<li>2005 &#8211; Subdomain: blog.chrissi25.de<\/li>\n\n\n\n<li>2005 &#8211; Domain: variationsphase.de &#8211; Schwerpunkt &#8222;Galerie&#8220;<\/li>\n\n\n\n<li>2007 &#8211; Erstmalig Einsatz von WordPress (unter blog.chrissi25.de)<\/li>\n\n\n\n<li>2015 &#8211; variationsphase erh\u00e4lt eigenen Blog-Bereich, Fokus auf Inhalte rund ums Zeichnen<\/li>\n\n\n\n<li>2017 &#8211; Er\u00f6ffnung Spreadshop und erstmals Affiliate Links im Blog<\/li>\n\n\n\n<li>2026 &#8211; St\u00e4rkerer Fokus auf Storytelling<\/li>\n<\/ul>\n   ","protected":false},"excerpt":{"rendered":"<p>\u00dcber mich Seit Abschluss meines Medieninformatik-Studiums arbeite ich &#8211; mit variierendem Schwerpunkt &#8211; als Online Projektmanagerin, Konzepterin und Teamleiterin. (Mehr auf XING) Nach Abgabe meiner Abschlussarbeit 2010 habe ich mit Hilfe von Michael Musal und der ODC an meinen zeichnerischen<\/p>\n","protected":false},"author":1,"featured_media":0,"parent":0,"menu_order":0,"comment_status":"closed","ping_status":"closed","template":"","meta":{"footnotes":""},"class_list":["post-630","page","type-page","status-publish","hentry","","tg-column-two"],"yoast_head":"<!-- This site is optimized with the Yoast SEO plugin v27.4 - https:\/\/yoast.com\/product\/yoast-seo-wordpress\/ -->\n<title>\u00dcber mich - variationsphase<\/title>\n<meta name=\"robots\" content=\"index, follow, max-snippet:-1, max-image-preview:large, max-video-preview:-1\" \/>\n<link rel=\"canonical\" href=\"https:\/\/variationsphase.de\/vp\/ich\/\" \/>\n<meta property=\"og:locale\" content=\"de_DE\" \/>\n<meta property=\"og:type\" content=\"article\" \/>\n<meta property=\"og:title\" content=\"\u00dcber mich - variationsphase\" \/>\n<meta property=\"og:description\" content=\"\u00dcber mich Seit Abschluss meines Medieninformatik-Studiums arbeite ich &#8211; mit variierendem Schwerpunkt &#8211; als Online Projektmanagerin, Konzepterin und Teamleiterin. (Mehr auf XING) Nach Abgabe meiner Abschlussarbeit 2010 habe ich mit Hilfe von Michael Musal und der ODC an meinen zeichnerischen\" \/>\n<meta property=\"og:url\" content=\"https:\/\/variationsphase.de\/vp\/ich\/\" \/>\n<meta property=\"og:site_name\" content=\"variationsphase\" \/>\n<meta property=\"article:modified_time\" content=\"2026-04-11T07:04:56+00:00\" \/>\n<meta property=\"og:image\" content=\"https:\/\/variationsphase.de\/vp\/wp-content\/uploads\/2020\/11\/portrait2020.jpg\" \/>\n\t<meta property=\"og:image:width\" content=\"900\" \/>\n\t<meta property=\"og:image:height\" content=\"1284\" \/>\n\t<meta property=\"og:image:type\" content=\"image\/jpeg\" \/>\n<meta name=\"twitter:card\" content=\"summary_large_image\" \/>\n<meta name=\"twitter:label1\" content=\"Gesch\u00e4tzte Lesezeit\" \/>\n\t<meta name=\"twitter:data1\" content=\"3\u00a0Minuten\" \/>\n<script type=\"application\/ld+json\" class=\"yoast-schema-graph\">{\"@context\":\"https:\\\/\\\/schema.org\",\"@graph\":[{\"@type\":\"WebPage\",\"@id\":\"https:\\\/\\\/variationsphase.de\\\/vp\\\/ich\\\/\",\"url\":\"https:\\\/\\\/variationsphase.de\\\/vp\\\/ich\\\/\",\"name\":\"\u00dcber mich - variationsphase\",\"isPartOf\":{\"@id\":\"https:\\\/\\\/variationsphase.de\\\/vp\\\/#website\"},\"primaryImageOfPage\":{\"@id\":\"https:\\\/\\\/variationsphase.de\\\/vp\\\/ich\\\/#primaryimage\"},\"image\":{\"@id\":\"https:\\\/\\\/variationsphase.de\\\/vp\\\/ich\\\/#primaryimage\"},\"thumbnailUrl\":\"https:\\\/\\\/variationsphase.de\\\/vp\\\/wp-content\\\/uploads\\\/2020\\\/11\\\/portrait2020-266x380.jpg\",\"datePublished\":\"2015-07-24T16:27:56+00:00\",\"dateModified\":\"2026-04-11T07:04:56+00:00\",\"breadcrumb\":{\"@id\":\"https:\\\/\\\/variationsphase.de\\\/vp\\\/ich\\\/#breadcrumb\"},\"inLanguage\":\"de\",\"potentialAction\":[{\"@type\":\"ReadAction\",\"target\":[\"https:\\\/\\\/variationsphase.de\\\/vp\\\/ich\\\/\"]}]},{\"@type\":\"ImageObject\",\"inLanguage\":\"de\",\"@id\":\"https:\\\/\\\/variationsphase.de\\\/vp\\\/ich\\\/#primaryimage\",\"url\":\"https:\\\/\\\/variationsphase.de\\\/vp\\\/wp-content\\\/uploads\\\/2020\\\/11\\\/portrait2020.jpg\",\"contentUrl\":\"https:\\\/\\\/variationsphase.de\\\/vp\\\/wp-content\\\/uploads\\\/2020\\\/11\\\/portrait2020.jpg\",\"width\":900,\"height\":1284},{\"@type\":\"BreadcrumbList\",\"@id\":\"https:\\\/\\\/variationsphase.de\\\/vp\\\/ich\\\/#breadcrumb\",\"itemListElement\":[{\"@type\":\"ListItem\",\"position\":1,\"name\":\"Home\",\"item\":\"https:\\\/\\\/variationsphase.de\\\/vp\\\/\"},{\"@type\":\"ListItem\",\"position\":2,\"name\":\"\u00dcber mich\"}]},{\"@type\":\"WebSite\",\"@id\":\"https:\\\/\\\/variationsphase.de\\\/vp\\\/#website\",\"url\":\"https:\\\/\\\/variationsphase.de\\\/vp\\\/\",\"name\":\"variationsphase\",\"description\":\"Visualisierung und Erz\u00e4hlr\u00e4ume\",\"publisher\":{\"@id\":\"https:\\\/\\\/variationsphase.de\\\/vp\\\/#\\\/schema\\\/person\\\/3bf21877116b4f739db46a11f19ec0dd\"},\"potentialAction\":[{\"@type\":\"SearchAction\",\"target\":{\"@type\":\"EntryPoint\",\"urlTemplate\":\"https:\\\/\\\/variationsphase.de\\\/vp\\\/?s={search_term_string}\"},\"query-input\":{\"@type\":\"PropertyValueSpecification\",\"valueRequired\":true,\"valueName\":\"search_term_string\"}}],\"inLanguage\":\"de\"},{\"@type\":[\"Person\",\"Organization\"],\"@id\":\"https:\\\/\\\/variationsphase.de\\\/vp\\\/#\\\/schema\\\/person\\\/3bf21877116b4f739db46a11f19ec0dd\",\"name\":\"Christina\",\"logo\":{\"@id\":\"https:\\\/\\\/variationsphase.de\\\/vp\\\/#\\\/schema\\\/person\\\/image\\\/\"}}]}<\/script>\n<!-- \/ Yoast SEO plugin. -->","yoast_head_json":{"title":"\u00dcber mich - variationsphase","robots":{"index":"index","follow":"follow","max-snippet":"max-snippet:-1","max-image-preview":"max-image-preview:large","max-video-preview":"max-video-preview:-1"},"canonical":"https:\/\/variationsphase.de\/vp\/ich\/","og_locale":"de_DE","og_type":"article","og_title":"\u00dcber mich - variationsphase","og_description":"\u00dcber mich Seit Abschluss meines Medieninformatik-Studiums arbeite ich &#8211; mit variierendem Schwerpunkt &#8211; als Online Projektmanagerin, Konzepterin und Teamleiterin. (Mehr auf XING) Nach Abgabe meiner Abschlussarbeit 2010 habe ich mit Hilfe von Michael Musal und der ODC an meinen zeichnerischen","og_url":"https:\/\/variationsphase.de\/vp\/ich\/","og_site_name":"variationsphase","article_modified_time":"2026-04-11T07:04:56+00:00","og_image":[{"width":900,"height":1284,"url":"https:\/\/variationsphase.de\/vp\/wp-content\/uploads\/2020\/11\/portrait2020.jpg","type":"image\/jpeg"}],"twitter_card":"summary_large_image","twitter_misc":{"Gesch\u00e4tzte Lesezeit":"3\u00a0Minuten"},"schema":{"@context":"https:\/\/schema.org","@graph":[{"@type":"WebPage","@id":"https:\/\/variationsphase.de\/vp\/ich\/","url":"https:\/\/variationsphase.de\/vp\/ich\/","name":"\u00dcber mich - variationsphase","isPartOf":{"@id":"https:\/\/variationsphase.de\/vp\/#website"},"primaryImageOfPage":{"@id":"https:\/\/variationsphase.de\/vp\/ich\/#primaryimage"},"image":{"@id":"https:\/\/variationsphase.de\/vp\/ich\/#primaryimage"},"thumbnailUrl":"https:\/\/variationsphase.de\/vp\/wp-content\/uploads\/2020\/11\/portrait2020-266x380.jpg","datePublished":"2015-07-24T16:27:56+00:00","dateModified":"2026-04-11T07:04:56+00:00","breadcrumb":{"@id":"https:\/\/variationsphase.de\/vp\/ich\/#breadcrumb"},"inLanguage":"de","potentialAction":[{"@type":"ReadAction","target":["https:\/\/variationsphase.de\/vp\/ich\/"]}]},{"@type":"ImageObject","inLanguage":"de","@id":"https:\/\/variationsphase.de\/vp\/ich\/#primaryimage","url":"https:\/\/variationsphase.de\/vp\/wp-content\/uploads\/2020\/11\/portrait2020.jpg","contentUrl":"https:\/\/variationsphase.de\/vp\/wp-content\/uploads\/2020\/11\/portrait2020.jpg","width":900,"height":1284},{"@type":"BreadcrumbList","@id":"https:\/\/variationsphase.de\/vp\/ich\/#breadcrumb","itemListElement":[{"@type":"ListItem","position":1,"name":"Home","item":"https:\/\/variationsphase.de\/vp\/"},{"@type":"ListItem","position":2,"name":"\u00dcber mich"}]},{"@type":"WebSite","@id":"https:\/\/variationsphase.de\/vp\/#website","url":"https:\/\/variationsphase.de\/vp\/","name":"variationsphase","description":"Visualisierung und Erz\u00e4hlr\u00e4ume","publisher":{"@id":"https:\/\/variationsphase.de\/vp\/#\/schema\/person\/3bf21877116b4f739db46a11f19ec0dd"},"potentialAction":[{"@type":"SearchAction","target":{"@type":"EntryPoint","urlTemplate":"https:\/\/variationsphase.de\/vp\/?s={search_term_string}"},"query-input":{"@type":"PropertyValueSpecification","valueRequired":true,"valueName":"search_term_string"}}],"inLanguage":"de"},{"@type":["Person","Organization"],"@id":"https:\/\/variationsphase.de\/vp\/#\/schema\/person\/3bf21877116b4f739db46a11f19ec0dd","name":"Christina","logo":{"@id":"https:\/\/variationsphase.de\/vp\/#\/schema\/person\/image\/"}}]}},"_links":{"self":[{"href":"https:\/\/variationsphase.de\/vp\/wp-json\/wp\/v2\/pages\/630","targetHints":{"allow":["GET"]}}],"collection":[{"href":"https:\/\/variationsphase.de\/vp\/wp-json\/wp\/v2\/pages"}],"about":[{"href":"https:\/\/variationsphase.de\/vp\/wp-json\/wp\/v2\/types\/page"}],"author":[{"embeddable":true,"href":"https:\/\/variationsphase.de\/vp\/wp-json\/wp\/v2\/users\/1"}],"replies":[{"embeddable":true,"href":"https:\/\/variationsphase.de\/vp\/wp-json\/wp\/v2\/comments?post=630"}],"version-history":[{"count":29,"href":"https:\/\/variationsphase.de\/vp\/wp-json\/wp\/v2\/pages\/630\/revisions"}],"predecessor-version":[{"id":3396,"href":"https:\/\/variationsphase.de\/vp\/wp-json\/wp\/v2\/pages\/630\/revisions\/3396"}],"wp:attachment":[{"href":"https:\/\/variationsphase.de\/vp\/wp-json\/wp\/v2\/media?parent=630"}],"curies":[{"name":"wp","href":"https:\/\/api.w.org\/{rel}","templated":true}]}}