{"id":3340,"date":"2026-03-23T20:47:18","date_gmt":"2026-03-23T19:47:18","guid":{"rendered":"https:\/\/variationsphase.de\/vp\/?page_id=3340"},"modified":"2026-05-06T15:16:15","modified_gmt":"2026-05-06T14:16:15","slug":"das-verlorene-gleichgewicht","status":"publish","type":"page","link":"https:\/\/variationsphase.de\/vp\/das-verlorene-gleichgewicht\/","title":{"rendered":"Das verborgene Gleichgewicht"},"content":{"rendered":"\n<p>&#8222;Das verborgene Gleichgewicht&#8220; ist mein aktuell gr\u00f6\u00dftes Storyprojekt und gleichzeitig mein Herzensprojekt. Es ist eine mehrteilige Urban Fantasy Serie, in der ein M\u00e4dchen feststellt, dass es in dieser Welt noch mehr gibt, als sie bisher f\u00fcr voll genommen hat. <\/p>\n\n\n\n<p>Es gibt eine gro\u00dfe Story Bible mit diversen Charakteren, Beschreibungen zum Magiesystem und mehr. <\/p>\n\n\n\n<p><strong>Zielgruppe<\/strong>: Jugendliche und junge Erwachsene <\/p>\n\n\n\n<p><strong>Status<\/strong>: Umfangreiche Story Bible mit Charakteren, Magiesystem und mehr; Gesamtkonzept der Serie, Buch 1 strukturell vorbereitet und bereit f\u00fcr die Rohfassung  <\/p>\n\n\n\n<h2 class=\"wp-block-heading\">Beitr\u00e4ge im Blog<\/h2>\n\n\n\n<p><em>Es werden sukzessive Making of, Hintergrundbeitr\u00e4ge und kleine Story-Fragmente im Blog erscheinen, die ich dann hier verlinken werde. Zus\u00e4tzlich werde ich dann und wann kleine Einblicke in die Welt geben. Hierbei achte ich besonders darauf, dem geplanten Buch nicht vorweg zu greifen. <\/em><\/p>\n\n\n\n<ul class=\"wp-block-list\">\n<li>Hintergrund: <a href=\"https:\/\/variationsphase.de\/vp\/2026\/04\/von-der-hutmacherin-in-eine-magische-welt\/\" type=\"post\" id=\"3414\">Von der Hutmacherin in eine magische Welt<\/a><\/li>\n\n\n\n<li>Story-Fragment: <a href=\"https:\/\/variationsphase.de\/vp\/tag\/miras-spurenbuch\/\" type=\"post_tag\" id=\"147\">Miras Spurenbuch<\/a><\/li>\n\n\n\n<li>Story-Fragment: <a href=\"https:\/\/variationsphase.de\/vp\/2026\/04\/das-versteck-p52-kuscheltier\/\" type=\"post\" id=\"3373\">4-teilige Comicserie zu Enya und Ursa Thalen<\/a> (Projekt 52, April 2026)<\/li>\n\n\n\n<li>Story-Fragment: <a href=\"https:\/\/variationsphase.de\/vp\/2026\/03\/lichtermeer-p52\/\" type=\"post\" id=\"3336\">Lichtermeer (P52)<\/a><\/li>\n<\/ul>\n\n\n\n<h2 class=\"wp-block-heading\">\u00dcber mich<\/h2>\n\n\n\n<div class=\"wp-block-columns is-layout-flex wp-container-core-columns-is-layout-28f84493 wp-block-columns-is-layout-flex\">\n<div class=\"wp-block-column is-layout-flow wp-block-column-is-layout-flow\" style=\"flex-basis:33.33%\">\n<figure class=\"wp-block-image size-full\"><img loading=\"lazy\" decoding=\"async\" width=\"300\" height=\"411\" src=\"https:\/\/variationsphase.de\/vp\/wp-content\/uploads\/2020\/11\/portrait-small.jpg\" alt=\"\" class=\"wp-image-2787\" srcset=\"https:\/\/variationsphase.de\/vp\/wp-content\/uploads\/2020\/11\/portrait-small.jpg 300w, https:\/\/variationsphase.de\/vp\/wp-content\/uploads\/2020\/11\/portrait-small-277x380.jpg 277w\" sizes=\"auto, (max-width: 300px) 100vw, 300px\" \/><\/figure>\n<\/div>\n\n\n\n<div class=\"wp-block-column is-layout-flow wp-block-column-is-layout-flow\" style=\"flex-basis:66.66%\">\n<p>W\u00e4hrend ich in j\u00fcngeren Jahren mich gern an Fanfiction versuchte, habe ich \u00fcber das Zeichnen meinen Weg zu eigenen Figuren und in eigene Welten gefunden. <\/p>\n\n\n\n<p>Mittlerweile entwickele ich eigene Geschichten und kreative Projekte zwischen Strukturarbeit und visueller Gestaltung. <\/p>\n\n\n\n<p>\u201eDas verlorene Gleichgewicht\u201c hat seine Wurzeln in meinen Entw\u00fcrfen rund um die &#8222;Hutmacherin&#8220;, wobei die Geschichte mittlerweile etwas weniger kindlich geworden ist. <\/p>\n<\/div>\n<\/div>\n   ","protected":false},"excerpt":{"rendered":"<p>&#8222;Das verborgene Gleichgewicht&#8220; ist mein aktuell gr\u00f6\u00dftes Storyprojekt und gleichzeitig mein Herzensprojekt. Es ist eine mehrteilige Urban Fantasy Serie, in der ein M\u00e4dchen feststellt, dass es in dieser Welt noch mehr gibt, als sie bisher f\u00fcr voll genommen hat. Es<\/p>\n","protected":false},"author":1,"featured_media":0,"parent":0,"menu_order":0,"comment_status":"closed","ping_status":"closed","template":"","meta":{"footnotes":""},"class_list":["post-3340","page","type-page","status-publish","hentry","","tg-column-two"],"yoast_head":"<!-- This site is optimized with the Yoast SEO plugin v27.5 - https:\/\/yoast.com\/product\/yoast-seo-wordpress\/ -->\n<title>Das verborgene Gleichgewicht - variationsphase<\/title>\n<meta name=\"robots\" content=\"index, follow, max-snippet:-1, max-image-preview:large, max-video-preview:-1\" \/>\n<link rel=\"canonical\" href=\"https:\/\/variationsphase.de\/vp\/das-verlorene-gleichgewicht\/\" \/>\n<meta property=\"og:locale\" content=\"de_DE\" \/>\n<meta property=\"og:type\" content=\"article\" \/>\n<meta property=\"og:title\" content=\"Das verborgene Gleichgewicht - variationsphase\" \/>\n<meta property=\"og:description\" content=\"&#8222;Das verborgene Gleichgewicht&#8220; ist mein aktuell gr\u00f6\u00dftes Storyprojekt und gleichzeitig mein Herzensprojekt. Es ist eine mehrteilige Urban Fantasy Serie, in der ein M\u00e4dchen feststellt, dass es in dieser Welt noch mehr gibt, als sie bisher f\u00fcr voll genommen hat. Es\" \/>\n<meta property=\"og:url\" content=\"https:\/\/variationsphase.de\/vp\/das-verlorene-gleichgewicht\/\" \/>\n<meta property=\"og:site_name\" content=\"variationsphase\" \/>\n<meta property=\"article:modified_time\" content=\"2026-05-06T14:16:15+00:00\" \/>\n<meta property=\"og:image\" content=\"https:\/\/variationsphase.de\/vp\/wp-content\/uploads\/2020\/11\/portrait-small.jpg\" \/>\n\t<meta property=\"og:image:width\" content=\"300\" \/>\n\t<meta property=\"og:image:height\" content=\"411\" \/>\n\t<meta property=\"og:image:type\" content=\"image\/jpeg\" \/>\n<meta name=\"twitter:card\" content=\"summary_large_image\" \/>\n<meta name=\"twitter:label1\" content=\"Gesch\u00e4tzte Lesezeit\" \/>\n\t<meta name=\"twitter:data1\" content=\"2\u00a0Minuten\" \/>\n<script type=\"application\/ld+json\" class=\"yoast-schema-graph\">{\"@context\":\"https:\\\/\\\/schema.org\",\"@graph\":[{\"@type\":\"WebPage\",\"@id\":\"https:\\\/\\\/variationsphase.de\\\/vp\\\/das-verlorene-gleichgewicht\\\/\",\"url\":\"https:\\\/\\\/variationsphase.de\\\/vp\\\/das-verlorene-gleichgewicht\\\/\",\"name\":\"Das verborgene Gleichgewicht - variationsphase\",\"isPartOf\":{\"@id\":\"https:\\\/\\\/variationsphase.de\\\/vp\\\/#website\"},\"primaryImageOfPage\":{\"@id\":\"https:\\\/\\\/variationsphase.de\\\/vp\\\/das-verlorene-gleichgewicht\\\/#primaryimage\"},\"image\":{\"@id\":\"https:\\\/\\\/variationsphase.de\\\/vp\\\/das-verlorene-gleichgewicht\\\/#primaryimage\"},\"thumbnailUrl\":\"https:\\\/\\\/variationsphase.de\\\/vp\\\/wp-content\\\/uploads\\\/2020\\\/11\\\/portrait-small.jpg\",\"datePublished\":\"2026-03-23T19:47:18+00:00\",\"dateModified\":\"2026-05-06T14:16:15+00:00\",\"breadcrumb\":{\"@id\":\"https:\\\/\\\/variationsphase.de\\\/vp\\\/das-verlorene-gleichgewicht\\\/#breadcrumb\"},\"inLanguage\":\"de\",\"potentialAction\":[{\"@type\":\"ReadAction\",\"target\":[\"https:\\\/\\\/variationsphase.de\\\/vp\\\/das-verlorene-gleichgewicht\\\/\"]}]},{\"@type\":\"ImageObject\",\"inLanguage\":\"de\",\"@id\":\"https:\\\/\\\/variationsphase.de\\\/vp\\\/das-verlorene-gleichgewicht\\\/#primaryimage\",\"url\":\"https:\\\/\\\/variationsphase.de\\\/vp\\\/wp-content\\\/uploads\\\/2020\\\/11\\\/portrait-small.jpg\",\"contentUrl\":\"https:\\\/\\\/variationsphase.de\\\/vp\\\/wp-content\\\/uploads\\\/2020\\\/11\\\/portrait-small.jpg\",\"width\":300,\"height\":411},{\"@type\":\"BreadcrumbList\",\"@id\":\"https:\\\/\\\/variationsphase.de\\\/vp\\\/das-verlorene-gleichgewicht\\\/#breadcrumb\",\"itemListElement\":[{\"@type\":\"ListItem\",\"position\":1,\"name\":\"Home\",\"item\":\"https:\\\/\\\/variationsphase.de\\\/vp\\\/\"},{\"@type\":\"ListItem\",\"position\":2,\"name\":\"Das verborgene Gleichgewicht\"}]},{\"@type\":\"WebSite\",\"@id\":\"https:\\\/\\\/variationsphase.de\\\/vp\\\/#website\",\"url\":\"https:\\\/\\\/variationsphase.de\\\/vp\\\/\",\"name\":\"variationsphase\",\"description\":\"Visualisierung und Erz\u00e4hlr\u00e4ume\",\"publisher\":{\"@id\":\"https:\\\/\\\/variationsphase.de\\\/vp\\\/#\\\/schema\\\/person\\\/3bf21877116b4f739db46a11f19ec0dd\"},\"potentialAction\":[{\"@type\":\"SearchAction\",\"target\":{\"@type\":\"EntryPoint\",\"urlTemplate\":\"https:\\\/\\\/variationsphase.de\\\/vp\\\/?s={search_term_string}\"},\"query-input\":{\"@type\":\"PropertyValueSpecification\",\"valueRequired\":true,\"valueName\":\"search_term_string\"}}],\"inLanguage\":\"de\"},{\"@type\":[\"Person\",\"Organization\"],\"@id\":\"https:\\\/\\\/variationsphase.de\\\/vp\\\/#\\\/schema\\\/person\\\/3bf21877116b4f739db46a11f19ec0dd\",\"name\":\"Christina\",\"logo\":{\"@id\":\"https:\\\/\\\/variationsphase.de\\\/vp\\\/#\\\/schema\\\/person\\\/image\\\/\"}}]}<\/script>\n<!-- \/ Yoast SEO plugin. -->","yoast_head_json":{"title":"Das verborgene Gleichgewicht - variationsphase","robots":{"index":"index","follow":"follow","max-snippet":"max-snippet:-1","max-image-preview":"max-image-preview:large","max-video-preview":"max-video-preview:-1"},"canonical":"https:\/\/variationsphase.de\/vp\/das-verlorene-gleichgewicht\/","og_locale":"de_DE","og_type":"article","og_title":"Das verborgene Gleichgewicht - variationsphase","og_description":"&#8222;Das verborgene Gleichgewicht&#8220; ist mein aktuell gr\u00f6\u00dftes Storyprojekt und gleichzeitig mein Herzensprojekt. Es ist eine mehrteilige Urban Fantasy Serie, in der ein M\u00e4dchen feststellt, dass es in dieser Welt noch mehr gibt, als sie bisher f\u00fcr voll genommen hat. Es","og_url":"https:\/\/variationsphase.de\/vp\/das-verlorene-gleichgewicht\/","og_site_name":"variationsphase","article_modified_time":"2026-05-06T14:16:15+00:00","og_image":[{"width":300,"height":411,"url":"https:\/\/variationsphase.de\/vp\/wp-content\/uploads\/2020\/11\/portrait-small.jpg","type":"image\/jpeg"}],"twitter_card":"summary_large_image","twitter_misc":{"Gesch\u00e4tzte Lesezeit":"2\u00a0Minuten"},"schema":{"@context":"https:\/\/schema.org","@graph":[{"@type":"WebPage","@id":"https:\/\/variationsphase.de\/vp\/das-verlorene-gleichgewicht\/","url":"https:\/\/variationsphase.de\/vp\/das-verlorene-gleichgewicht\/","name":"Das verborgene Gleichgewicht - variationsphase","isPartOf":{"@id":"https:\/\/variationsphase.de\/vp\/#website"},"primaryImageOfPage":{"@id":"https:\/\/variationsphase.de\/vp\/das-verlorene-gleichgewicht\/#primaryimage"},"image":{"@id":"https:\/\/variationsphase.de\/vp\/das-verlorene-gleichgewicht\/#primaryimage"},"thumbnailUrl":"https:\/\/variationsphase.de\/vp\/wp-content\/uploads\/2020\/11\/portrait-small.jpg","datePublished":"2026-03-23T19:47:18+00:00","dateModified":"2026-05-06T14:16:15+00:00","breadcrumb":{"@id":"https:\/\/variationsphase.de\/vp\/das-verlorene-gleichgewicht\/#breadcrumb"},"inLanguage":"de","potentialAction":[{"@type":"ReadAction","target":["https:\/\/variationsphase.de\/vp\/das-verlorene-gleichgewicht\/"]}]},{"@type":"ImageObject","inLanguage":"de","@id":"https:\/\/variationsphase.de\/vp\/das-verlorene-gleichgewicht\/#primaryimage","url":"https:\/\/variationsphase.de\/vp\/wp-content\/uploads\/2020\/11\/portrait-small.jpg","contentUrl":"https:\/\/variationsphase.de\/vp\/wp-content\/uploads\/2020\/11\/portrait-small.jpg","width":300,"height":411},{"@type":"BreadcrumbList","@id":"https:\/\/variationsphase.de\/vp\/das-verlorene-gleichgewicht\/#breadcrumb","itemListElement":[{"@type":"ListItem","position":1,"name":"Home","item":"https:\/\/variationsphase.de\/vp\/"},{"@type":"ListItem","position":2,"name":"Das verborgene Gleichgewicht"}]},{"@type":"WebSite","@id":"https:\/\/variationsphase.de\/vp\/#website","url":"https:\/\/variationsphase.de\/vp\/","name":"variationsphase","description":"Visualisierung und Erz\u00e4hlr\u00e4ume","publisher":{"@id":"https:\/\/variationsphase.de\/vp\/#\/schema\/person\/3bf21877116b4f739db46a11f19ec0dd"},"potentialAction":[{"@type":"SearchAction","target":{"@type":"EntryPoint","urlTemplate":"https:\/\/variationsphase.de\/vp\/?s={search_term_string}"},"query-input":{"@type":"PropertyValueSpecification","valueRequired":true,"valueName":"search_term_string"}}],"inLanguage":"de"},{"@type":["Person","Organization"],"@id":"https:\/\/variationsphase.de\/vp\/#\/schema\/person\/3bf21877116b4f739db46a11f19ec0dd","name":"Christina","logo":{"@id":"https:\/\/variationsphase.de\/vp\/#\/schema\/person\/image\/"}}]}},"_links":{"self":[{"href":"https:\/\/variationsphase.de\/vp\/wp-json\/wp\/v2\/pages\/3340","targetHints":{"allow":["GET"]}}],"collection":[{"href":"https:\/\/variationsphase.de\/vp\/wp-json\/wp\/v2\/pages"}],"about":[{"href":"https:\/\/variationsphase.de\/vp\/wp-json\/wp\/v2\/types\/page"}],"author":[{"embeddable":true,"href":"https:\/\/variationsphase.de\/vp\/wp-json\/wp\/v2\/users\/1"}],"replies":[{"embeddable":true,"href":"https:\/\/variationsphase.de\/vp\/wp-json\/wp\/v2\/comments?post=3340"}],"version-history":[{"count":13,"href":"https:\/\/variationsphase.de\/vp\/wp-json\/wp\/v2\/pages\/3340\/revisions"}],"predecessor-version":[{"id":3530,"href":"https:\/\/variationsphase.de\/vp\/wp-json\/wp\/v2\/pages\/3340\/revisions\/3530"}],"wp:attachment":[{"href":"https:\/\/variationsphase.de\/vp\/wp-json\/wp\/v2\/media?parent=3340"}],"curies":[{"name":"wp","href":"https:\/\/api.w.org\/{rel}","templated":true}]}}