{"id":3079,"date":"2026-03-03T11:53:16","date_gmt":"2026-03-03T10:53:16","guid":{"rendered":"https:\/\/variationsphase.de\/vp\/?page_id=3079"},"modified":"2026-04-12T15:51:02","modified_gmt":"2026-04-12T14:51:02","slug":"ruf-nach-meer","status":"publish","type":"page","link":"https:\/\/variationsphase.de\/vp\/ruf-nach-meer\/","title":{"rendered":"Ruf nach Meer"},"content":{"rendered":"\n<p>\u201eRuf nach Meer\u201c ist eine Novelle zwischen leiser Bedrohung, moralischer Ambivalenz und der Frage, wie weit wir bereit sind zu gehen, um jene zu sch\u00fctzen, die uns wichtig sind. Eine Geschichte \u00fcber Loyalit\u00e4t, Schuld und Entscheidungen, die sich nicht zur\u00fccknehmen lassen.<\/p>\n\n\n\n<p><strong>Zielgruppe<\/strong>: Erwachsene Leserinnen und Leser <\/p>\n\n\n\n<p><strong>Ver\u00f6ffentlichung<\/strong>: geplant f\u00fcr 2026<\/p>\n\n\n\n<p><strong>Status<\/strong>: \u00dcberarbeitung der Rohfassung und Einarbeitung Feedback Beta-Leser<\/p>\n\n\n\n<hr class=\"wp-block-separator has-alpha-channel-opacity\"\/>\n\n\n\n<h2 class=\"wp-block-heading\">Beitr\u00e4ge im Blog<\/h2>\n\n\n\n<p><em>Es werden sukzessive Making of und Hintergrundbeitr\u00e4ge im Blog erscheinen, die ich dann hier verlinken werde. <\/em><\/p>\n\n\n\n<div class=\"wp-block-query clearfix is-layout-flow wp-block-query-is-layout-flow\"><ul class=\"columns-2 wp-block-inpost-list wp-block-post-template is-layout-grid wp-container-core-post-template-is-layout-d486d538 wp-block-post-template-is-layout-grid\"><li class=\"wp-block-post post-3397 post type-post status-publish format-standard has-post-thumbnail hentry category-projekte category-schreibpraxis tag-ruf-nach-meer tag-storytelling  tg-column-two\">\n\n<div class=\"wp-block-group wp-block-inpost-list is-layout-flow wp-block-group-is-layout-flow\" style=\"padding-top:0px;padding-right:0px;padding-bottom:0px;padding-left:0px\"><h3 style=\"border-style:none;border-width:0px; padding-top:0;padding-bottom:0;margin-top:0;margin-bottom:0;\" class=\"wp-block-post-title\"><a href=\"https:\/\/variationsphase.de\/vp\/2026\/04\/ruf-nach-meer-ueberarbeitung-der-rohfassung-in-scrivener\/\" target=\"_self\" >\u201eRuf nach Meer\u201c &#8211; \u00dcberarbeitung der Rohfassung in Scrivener<\/a><\/h3>\n\n<figure style=\"padding-top:0;padding-bottom:0;\" class=\"wp-block-post-featured-image\"><img loading=\"lazy\" decoding=\"async\" width=\"1400\" height=\"600\" src=\"https:\/\/variationsphase.de\/vp\/wp-content\/uploads\/2026\/03\/teaser_rufnachmeer-mo.jpg\" class=\"attachment-post-thumbnail size-post-thumbnail wp-post-image\" alt=\"\" style=\"object-fit:cover;\" srcset=\"https:\/\/variationsphase.de\/vp\/wp-content\/uploads\/2026\/03\/teaser_rufnachmeer-mo.jpg 1400w, https:\/\/variationsphase.de\/vp\/wp-content\/uploads\/2026\/03\/teaser_rufnachmeer-mo-380x163.jpg 380w, https:\/\/variationsphase.de\/vp\/wp-content\/uploads\/2026\/03\/teaser_rufnachmeer-mo-1024x439.jpg 1024w, https:\/\/variationsphase.de\/vp\/wp-content\/uploads\/2026\/03\/teaser_rufnachmeer-mo-768x329.jpg 768w\" sizes=\"auto, (max-width: 1400px) 100vw, 1400px\" \/><\/figure>\n\n<div style=\"margin-top:var(--wp--preset--spacing--20);margin-bottom:var(--wp--preset--spacing--20);\" class=\"wp-block-post-excerpt\"><p class=\"wp-block-post-excerpt__excerpt\">Nach der Rohfassung folgt die \u00dcberarbeitung. Nach aktuellem Erleben ist das definitiv nicht meine Lieblingsaufgabe. Mein Kopf ist eigentlich schon woanders und will neue Geschichten entdecken, statt sich mit dieser noch einmal zu besch\u00e4ftigen. Ich&hellip; <\/p><\/div><\/div>\n\n<\/li><li class=\"wp-block-post post-3147 post type-post status-publish format-standard has-post-thumbnail hentry category-projekte category-schreibpraxis tag-ruf-nach-meer tag-storytelling  tg-column-two\">\n\n<div class=\"wp-block-group wp-block-inpost-list is-layout-flow wp-block-group-is-layout-flow\" style=\"padding-top:0px;padding-right:0px;padding-bottom:0px;padding-left:0px\"><h3 style=\"border-style:none;border-width:0px; padding-top:0;padding-bottom:0;margin-top:0;margin-bottom:0;\" class=\"wp-block-post-title\"><a href=\"https:\/\/variationsphase.de\/vp\/2026\/03\/ruf-nach-meer-idee-rohfassung-und-ueberarbeitung\/\" target=\"_self\" >\u201eRuf nach Meer\u201c &#8211; Idee, Rohfassung und \u00dcberarbeitung<\/a><\/h3>\n\n<figure style=\"padding-top:0;padding-bottom:0;\" class=\"wp-block-post-featured-image\"><img loading=\"lazy\" decoding=\"async\" width=\"1400\" height=\"600\" src=\"https:\/\/variationsphase.de\/vp\/wp-content\/uploads\/2026\/03\/teaser_rufnachmeer-mo.jpg\" class=\"attachment-post-thumbnail size-post-thumbnail wp-post-image\" alt=\"\" style=\"object-fit:cover;\" srcset=\"https:\/\/variationsphase.de\/vp\/wp-content\/uploads\/2026\/03\/teaser_rufnachmeer-mo.jpg 1400w, https:\/\/variationsphase.de\/vp\/wp-content\/uploads\/2026\/03\/teaser_rufnachmeer-mo-380x163.jpg 380w, https:\/\/variationsphase.de\/vp\/wp-content\/uploads\/2026\/03\/teaser_rufnachmeer-mo-1024x439.jpg 1024w, https:\/\/variationsphase.de\/vp\/wp-content\/uploads\/2026\/03\/teaser_rufnachmeer-mo-768x329.jpg 768w\" sizes=\"auto, (max-width: 1400px) 100vw, 1400px\" \/><\/figure>\n\n<div style=\"margin-top:var(--wp--preset--spacing--20);margin-bottom:var(--wp--preset--spacing--20);\" class=\"wp-block-post-excerpt\"><p class=\"wp-block-post-excerpt__excerpt\">In diesem Jahr habe ich einen Schritt gewagt, den ich mich so bisher nicht getraut hatte. Ich habe mir im Dezember 2025 vorgenommen, eine Novelle zu einer Story Idee zu schreiben, die ich schon l\u00e4nger&hellip; <\/p><\/div><\/div>\n\n<\/li><\/ul><\/div>\n\n\n\n<hr class=\"wp-block-separator has-alpha-channel-opacity\"\/>\n\n\n\n<h2 class=\"wp-block-heading\">\u00dcber mich<\/h2>\n\n\n\n<div class=\"wp-block-columns is-layout-flex wp-container-core-columns-is-layout-28f84493 wp-block-columns-is-layout-flex\">\n<div class=\"wp-block-column is-layout-flow wp-block-column-is-layout-flow\" style=\"flex-basis:33.33%\">\n<figure class=\"wp-block-image size-full\"><img loading=\"lazy\" decoding=\"async\" width=\"300\" height=\"411\" src=\"https:\/\/variationsphase.de\/vp\/wp-content\/uploads\/2020\/11\/portrait-small.jpg\" alt=\"\" class=\"wp-image-2787\" srcset=\"https:\/\/variationsphase.de\/vp\/wp-content\/uploads\/2020\/11\/portrait-small.jpg 300w, https:\/\/variationsphase.de\/vp\/wp-content\/uploads\/2020\/11\/portrait-small-277x380.jpg 277w\" sizes=\"auto, (max-width: 300px) 100vw, 300px\" \/><\/figure>\n<\/div>\n\n\n\n<div class=\"wp-block-column is-layout-flow wp-block-column-is-layout-flow\" style=\"flex-basis:66.66%\">\n<p>W\u00e4hrend ich in j\u00fcngeren Jahren mich gern an Fanfiction versuchte, habe ich \u00fcber das Zeichnen meinen Weg zu eigenen Figuren und in eigene Welten gefunden. <\/p>\n\n\n\n<p>Mittlerweile entwickele ich eigene Geschichten und kreative Projekte zwischen Strukturarbeit und visueller Gestaltung. <\/p>\n\n\n\n<p>\u201eRuf nach Meer\u201c ist meine erste Novelle f\u00fcr ein erwachsenes Publikum, w\u00e4hrend ich parallel an einem gr\u00f6\u00dferen Projekt arbeite, das sich eher an Kinder ab 10 Jahre richtet. <\/p>\n<\/div>\n<\/div>\n   ","protected":false},"excerpt":{"rendered":"<p>ss<\/p>\n","protected":false},"author":1,"featured_media":3150,"parent":0,"menu_order":0,"comment_status":"closed","ping_status":"closed","template":"","meta":{"footnotes":""},"class_list":["post-3079","page","type-page","status-publish","has-post-thumbnail","hentry","","tg-column-two"],"yoast_head":"<!-- This site is optimized with the Yoast SEO plugin v27.4 - https:\/\/yoast.com\/product\/yoast-seo-wordpress\/ -->\n<title>Ruf nach Meer | Novelle - variationsphase<\/title>\n<meta name=\"description\" content=\"\u201eRuf nach Meer\u201c ist eine Geschichte \u00fcber Loyalit\u00e4t, Schuld und Entscheidungen, die sich nicht zur\u00fccknehmen lassen. Projektseite zur Novelle.\" \/>\n<meta name=\"robots\" content=\"index, follow, max-snippet:-1, max-image-preview:large, max-video-preview:-1\" \/>\n<link rel=\"canonical\" href=\"https:\/\/variationsphase.de\/vp\/ruf-nach-meer\/\" \/>\n<meta property=\"og:locale\" content=\"de_DE\" \/>\n<meta property=\"og:type\" content=\"article\" \/>\n<meta property=\"og:title\" content=\"Ruf nach Meer | Novelle - variationsphase\" \/>\n<meta property=\"og:description\" content=\"\u201eRuf nach Meer\u201c ist eine Geschichte \u00fcber Loyalit\u00e4t, Schuld und Entscheidungen, die sich nicht zur\u00fccknehmen lassen. Projektseite zur Novelle.\" \/>\n<meta property=\"og:url\" content=\"https:\/\/variationsphase.de\/vp\/ruf-nach-meer\/\" \/>\n<meta property=\"og:site_name\" content=\"variationsphase\" \/>\n<meta property=\"article:modified_time\" content=\"2026-04-12T14:51:02+00:00\" \/>\n<meta property=\"og:image\" content=\"https:\/\/variationsphase.de\/vp\/wp-content\/uploads\/2026\/03\/teaser_rufnachmeer-mo.jpg\" \/>\n\t<meta property=\"og:image:width\" content=\"1400\" \/>\n\t<meta property=\"og:image:height\" content=\"600\" \/>\n\t<meta property=\"og:image:type\" content=\"image\/jpeg\" \/>\n<meta name=\"twitter:card\" content=\"summary_large_image\" \/>\n<meta name=\"twitter:label1\" content=\"Gesch\u00e4tzte Lesezeit\" \/>\n\t<meta name=\"twitter:data1\" content=\"3\u00a0Minuten\" \/>\n<script type=\"application\/ld+json\" class=\"yoast-schema-graph\">{\"@context\":\"https:\\\/\\\/schema.org\",\"@graph\":[{\"@type\":\"WebPage\",\"@id\":\"https:\\\/\\\/variationsphase.de\\\/vp\\\/ruf-nach-meer\\\/\",\"url\":\"https:\\\/\\\/variationsphase.de\\\/vp\\\/ruf-nach-meer\\\/\",\"name\":\"Ruf nach Meer | Novelle - variationsphase\",\"isPartOf\":{\"@id\":\"https:\\\/\\\/variationsphase.de\\\/vp\\\/#website\"},\"primaryImageOfPage\":{\"@id\":\"https:\\\/\\\/variationsphase.de\\\/vp\\\/ruf-nach-meer\\\/#primaryimage\"},\"image\":{\"@id\":\"https:\\\/\\\/variationsphase.de\\\/vp\\\/ruf-nach-meer\\\/#primaryimage\"},\"thumbnailUrl\":\"https:\\\/\\\/variationsphase.de\\\/vp\\\/wp-content\\\/uploads\\\/2026\\\/03\\\/teaser_rufnachmeer-mo.jpg\",\"datePublished\":\"2026-03-03T10:53:16+00:00\",\"dateModified\":\"2026-04-12T14:51:02+00:00\",\"description\":\"\u201eRuf nach Meer\u201c ist eine Geschichte \u00fcber Loyalit\u00e4t, Schuld und Entscheidungen, die sich nicht zur\u00fccknehmen lassen. Projektseite zur Novelle.\",\"breadcrumb\":{\"@id\":\"https:\\\/\\\/variationsphase.de\\\/vp\\\/ruf-nach-meer\\\/#breadcrumb\"},\"inLanguage\":\"de\",\"potentialAction\":[{\"@type\":\"ReadAction\",\"target\":[\"https:\\\/\\\/variationsphase.de\\\/vp\\\/ruf-nach-meer\\\/\"]}]},{\"@type\":\"ImageObject\",\"inLanguage\":\"de\",\"@id\":\"https:\\\/\\\/variationsphase.de\\\/vp\\\/ruf-nach-meer\\\/#primaryimage\",\"url\":\"https:\\\/\\\/variationsphase.de\\\/vp\\\/wp-content\\\/uploads\\\/2026\\\/03\\\/teaser_rufnachmeer-mo.jpg\",\"contentUrl\":\"https:\\\/\\\/variationsphase.de\\\/vp\\\/wp-content\\\/uploads\\\/2026\\\/03\\\/teaser_rufnachmeer-mo.jpg\",\"width\":1400,\"height\":600},{\"@type\":\"BreadcrumbList\",\"@id\":\"https:\\\/\\\/variationsphase.de\\\/vp\\\/ruf-nach-meer\\\/#breadcrumb\",\"itemListElement\":[{\"@type\":\"ListItem\",\"position\":1,\"name\":\"Home\",\"item\":\"https:\\\/\\\/variationsphase.de\\\/vp\\\/\"},{\"@type\":\"ListItem\",\"position\":2,\"name\":\"Ruf nach Meer\"}]},{\"@type\":\"WebSite\",\"@id\":\"https:\\\/\\\/variationsphase.de\\\/vp\\\/#website\",\"url\":\"https:\\\/\\\/variationsphase.de\\\/vp\\\/\",\"name\":\"variationsphase\",\"description\":\"Visualisierung und Erz\u00e4hlr\u00e4ume\",\"publisher\":{\"@id\":\"https:\\\/\\\/variationsphase.de\\\/vp\\\/#\\\/schema\\\/person\\\/3bf21877116b4f739db46a11f19ec0dd\"},\"potentialAction\":[{\"@type\":\"SearchAction\",\"target\":{\"@type\":\"EntryPoint\",\"urlTemplate\":\"https:\\\/\\\/variationsphase.de\\\/vp\\\/?s={search_term_string}\"},\"query-input\":{\"@type\":\"PropertyValueSpecification\",\"valueRequired\":true,\"valueName\":\"search_term_string\"}}],\"inLanguage\":\"de\"},{\"@type\":[\"Person\",\"Organization\"],\"@id\":\"https:\\\/\\\/variationsphase.de\\\/vp\\\/#\\\/schema\\\/person\\\/3bf21877116b4f739db46a11f19ec0dd\",\"name\":\"Christina\",\"logo\":{\"@id\":\"https:\\\/\\\/variationsphase.de\\\/vp\\\/#\\\/schema\\\/person\\\/image\\\/\"}}]}<\/script>\n<!-- \/ Yoast SEO plugin. -->","yoast_head_json":{"title":"Ruf nach Meer | Novelle - variationsphase","description":"\u201eRuf nach Meer\u201c ist eine Geschichte \u00fcber Loyalit\u00e4t, Schuld und Entscheidungen, die sich nicht zur\u00fccknehmen lassen. Projektseite zur Novelle.","robots":{"index":"index","follow":"follow","max-snippet":"max-snippet:-1","max-image-preview":"max-image-preview:large","max-video-preview":"max-video-preview:-1"},"canonical":"https:\/\/variationsphase.de\/vp\/ruf-nach-meer\/","og_locale":"de_DE","og_type":"article","og_title":"Ruf nach Meer | Novelle - variationsphase","og_description":"\u201eRuf nach Meer\u201c ist eine Geschichte \u00fcber Loyalit\u00e4t, Schuld und Entscheidungen, die sich nicht zur\u00fccknehmen lassen. Projektseite zur Novelle.","og_url":"https:\/\/variationsphase.de\/vp\/ruf-nach-meer\/","og_site_name":"variationsphase","article_modified_time":"2026-04-12T14:51:02+00:00","og_image":[{"width":1400,"height":600,"url":"https:\/\/variationsphase.de\/vp\/wp-content\/uploads\/2026\/03\/teaser_rufnachmeer-mo.jpg","type":"image\/jpeg"}],"twitter_card":"summary_large_image","twitter_misc":{"Gesch\u00e4tzte Lesezeit":"3\u00a0Minuten"},"schema":{"@context":"https:\/\/schema.org","@graph":[{"@type":"WebPage","@id":"https:\/\/variationsphase.de\/vp\/ruf-nach-meer\/","url":"https:\/\/variationsphase.de\/vp\/ruf-nach-meer\/","name":"Ruf nach Meer | Novelle - variationsphase","isPartOf":{"@id":"https:\/\/variationsphase.de\/vp\/#website"},"primaryImageOfPage":{"@id":"https:\/\/variationsphase.de\/vp\/ruf-nach-meer\/#primaryimage"},"image":{"@id":"https:\/\/variationsphase.de\/vp\/ruf-nach-meer\/#primaryimage"},"thumbnailUrl":"https:\/\/variationsphase.de\/vp\/wp-content\/uploads\/2026\/03\/teaser_rufnachmeer-mo.jpg","datePublished":"2026-03-03T10:53:16+00:00","dateModified":"2026-04-12T14:51:02+00:00","description":"\u201eRuf nach Meer\u201c ist eine Geschichte \u00fcber Loyalit\u00e4t, Schuld und Entscheidungen, die sich nicht zur\u00fccknehmen lassen. Projektseite zur Novelle.","breadcrumb":{"@id":"https:\/\/variationsphase.de\/vp\/ruf-nach-meer\/#breadcrumb"},"inLanguage":"de","potentialAction":[{"@type":"ReadAction","target":["https:\/\/variationsphase.de\/vp\/ruf-nach-meer\/"]}]},{"@type":"ImageObject","inLanguage":"de","@id":"https:\/\/variationsphase.de\/vp\/ruf-nach-meer\/#primaryimage","url":"https:\/\/variationsphase.de\/vp\/wp-content\/uploads\/2026\/03\/teaser_rufnachmeer-mo.jpg","contentUrl":"https:\/\/variationsphase.de\/vp\/wp-content\/uploads\/2026\/03\/teaser_rufnachmeer-mo.jpg","width":1400,"height":600},{"@type":"BreadcrumbList","@id":"https:\/\/variationsphase.de\/vp\/ruf-nach-meer\/#breadcrumb","itemListElement":[{"@type":"ListItem","position":1,"name":"Home","item":"https:\/\/variationsphase.de\/vp\/"},{"@type":"ListItem","position":2,"name":"Ruf nach Meer"}]},{"@type":"WebSite","@id":"https:\/\/variationsphase.de\/vp\/#website","url":"https:\/\/variationsphase.de\/vp\/","name":"variationsphase","description":"Visualisierung und Erz\u00e4hlr\u00e4ume","publisher":{"@id":"https:\/\/variationsphase.de\/vp\/#\/schema\/person\/3bf21877116b4f739db46a11f19ec0dd"},"potentialAction":[{"@type":"SearchAction","target":{"@type":"EntryPoint","urlTemplate":"https:\/\/variationsphase.de\/vp\/?s={search_term_string}"},"query-input":{"@type":"PropertyValueSpecification","valueRequired":true,"valueName":"search_term_string"}}],"inLanguage":"de"},{"@type":["Person","Organization"],"@id":"https:\/\/variationsphase.de\/vp\/#\/schema\/person\/3bf21877116b4f739db46a11f19ec0dd","name":"Christina","logo":{"@id":"https:\/\/variationsphase.de\/vp\/#\/schema\/person\/image\/"}}]}},"_links":{"self":[{"href":"https:\/\/variationsphase.de\/vp\/wp-json\/wp\/v2\/pages\/3079","targetHints":{"allow":["GET"]}}],"collection":[{"href":"https:\/\/variationsphase.de\/vp\/wp-json\/wp\/v2\/pages"}],"about":[{"href":"https:\/\/variationsphase.de\/vp\/wp-json\/wp\/v2\/types\/page"}],"author":[{"embeddable":true,"href":"https:\/\/variationsphase.de\/vp\/wp-json\/wp\/v2\/users\/1"}],"replies":[{"embeddable":true,"href":"https:\/\/variationsphase.de\/vp\/wp-json\/wp\/v2\/comments?post=3079"}],"version-history":[{"count":31,"href":"https:\/\/variationsphase.de\/vp\/wp-json\/wp\/v2\/pages\/3079\/revisions"}],"predecessor-version":[{"id":3345,"href":"https:\/\/variationsphase.de\/vp\/wp-json\/wp\/v2\/pages\/3079\/revisions\/3345"}],"wp:featuredmedia":[{"embeddable":true,"href":"https:\/\/variationsphase.de\/vp\/wp-json\/wp\/v2\/media\/3150"}],"wp:attachment":[{"href":"https:\/\/variationsphase.de\/vp\/wp-json\/wp\/v2\/media?parent=3079"}],"curies":[{"name":"wp","href":"https:\/\/api.w.org\/{rel}","templated":true}]}}