{"id":2379,"date":"2019-07-09T15:50:45","date_gmt":"2019-07-09T14:50:45","guid":{"rendered":"http:\/\/variationsphase.de\/vp\/?page_id=2379"},"modified":"2019-07-09T15:51:54","modified_gmt":"2019-07-09T14:51:54","slug":"notizbuecher","status":"publish","type":"page","link":"https:\/\/variationsphase.de\/vp\/notizbuecher\/","title":{"rendered":"Notizb\u00fccher"},"content":{"rendered":"\n<p>Ich liebe Notizb\u00fccher und erst k\u00fcrzlich habe ich eine M\u00f6glichkeit entdeckt, meine eigenen Notizb\u00fccher zu entwickeln und on demand \u00fcber Amazon drucken zu lassen. Damit ergeben sich ganz viele Dinge, die ich in n\u00e4chster Zeit gern ausprobieren m\u00f6chte. <\/p>\n\n\n\n<h2 class=\"wp-block-heading\">Notizb\u00fccher mit Punktraster<\/h2>\n\n\n\n<p>Meine favorisierte Lineatur bei Notizb\u00fcchern ist das Punktraster. Es ist nicht so dunkel, wie eine karrierte Seite, bietet jedoch mehr Flexibilit\u00e4t als ein einfaches Linienraster. <\/p>\n\n\n\n<p><strong>Inhalt jedes Notizbuchs: <\/strong><\/p>\n\n\n\n<ul class=\"wp-block-list\"><li>Pers\u00f6nliche Daten<\/li><li>5 Seiten Vordruck f\u00fcr ein eigenes Inhaltsverzeichnis<\/li><li>114 nummerierte Seiten mit Punktraster<\/li><\/ul>\n\n\n\n<p><strong>Coverauswahl<\/strong><\/p>\n\n\n\n<ul class=\"wp-block-gallery columns-4 wp-block-gallery-1 is-layout-flex wp-block-gallery-is-layout-flex\"><li class=\"blocks-gallery-item\"><figure><img loading=\"lazy\" decoding=\"async\" width=\"200\" height=\"300\" src=\"https:\/\/variationsphase.de\/vp\/wp-content\/uploads\/2019\/07\/nb-thumb-001.jpg\" alt=\"\" data-id=\"2419\" data-link=\"https:\/\/variationsphase.de\/vp\/?attachment_id=2419\" class=\"wp-image-2419\"\/><figcaption><a href=\"https:\/\/amzn.to\/2JniZT9\">Bestellen<\/a><\/figcaption><\/figure><\/li><li class=\"blocks-gallery-item\"><figure><img loading=\"lazy\" decoding=\"async\" width=\"200\" height=\"300\" src=\"https:\/\/variationsphase.de\/vp\/wp-content\/uploads\/2019\/07\/nb-thumb-002.jpg\" alt=\"\" data-id=\"2420\" data-link=\"https:\/\/variationsphase.de\/vp\/?attachment_id=2420\" class=\"wp-image-2420\"\/><figcaption><a href=\"https:\/\/amzn.to\/2XxaQUS\" target=\"_blank\" rel=\"noreferrer noopener\" aria-label=\"Bestellen (opens in a new tab)\">Bestellen<\/a><\/figcaption><\/figure><\/li><li class=\"blocks-gallery-item\"><figure><img loading=\"lazy\" decoding=\"async\" width=\"200\" height=\"300\" src=\"https:\/\/variationsphase.de\/vp\/wp-content\/uploads\/2019\/07\/nb-thumb-003.jpg\" alt=\"\" data-id=\"2421\" data-link=\"https:\/\/variationsphase.de\/vp\/?attachment_id=2421\" class=\"wp-image-2421\"\/><figcaption><a href=\"https:\/\/amzn.to\/2G3MaIH\" target=\"_blank\" rel=\"noreferrer noopener\" aria-label=\"Bestellen (opens in a new tab)\">Bestellen<\/a><\/figcaption><\/figure><\/li><li class=\"blocks-gallery-item\"><figure><img loading=\"lazy\" decoding=\"async\" width=\"200\" height=\"300\" src=\"https:\/\/variationsphase.de\/vp\/wp-content\/uploads\/2019\/07\/nb-thumb-004.jpg\" alt=\"\" data-id=\"2422\" data-link=\"https:\/\/variationsphase.de\/vp\/?attachment_id=2422\" class=\"wp-image-2422\"\/><figcaption><a href=\"https:\/\/amzn.to\/2JmSc9o\" target=\"_blank\" rel=\"noreferrer noopener\" aria-label=\"Bestellen (opens in a new tab)\">Bestellen<\/a><\/figcaption><\/figure><\/li><li class=\"blocks-gallery-item\"><figure><img loading=\"lazy\" decoding=\"async\" width=\"200\" height=\"300\" src=\"https:\/\/variationsphase.de\/vp\/wp-content\/uploads\/2019\/07\/nb-thumb-005.jpg\" alt=\"\" data-id=\"2423\" data-link=\"https:\/\/variationsphase.de\/vp\/?attachment_id=2423\" class=\"wp-image-2423\"\/><figcaption><a href=\"https:\/\/amzn.to\/2JmSfSO\" target=\"_blank\" rel=\"noreferrer noopener\" aria-label=\"Bestellen (opens in a new tab)\">Bestellen<\/a><\/figcaption><\/figure><\/li><li class=\"blocks-gallery-item\"><figure><img loading=\"lazy\" decoding=\"async\" width=\"200\" height=\"300\" src=\"https:\/\/variationsphase.de\/vp\/wp-content\/uploads\/2019\/07\/nb-thumb-006.jpg\" alt=\"\" data-id=\"2424\" data-link=\"https:\/\/variationsphase.de\/vp\/?attachment_id=2424\" class=\"wp-image-2424\"\/><figcaption><a href=\"https:\/\/amzn.to\/2S3QU5R\" target=\"_blank\" rel=\"noreferrer noopener\" aria-label=\"Bestellen (opens in a new tab)\">Bestellen<\/a><\/figcaption><\/figure><\/li><li class=\"blocks-gallery-item\"><figure><img loading=\"lazy\" decoding=\"async\" width=\"200\" height=\"300\" src=\"https:\/\/variationsphase.de\/vp\/wp-content\/uploads\/2019\/07\/nb-thumb-007.jpg\" alt=\"\" data-id=\"2425\" data-link=\"https:\/\/variationsphase.de\/vp\/?attachment_id=2425\" class=\"wp-image-2425\"\/><figcaption><a href=\"https:\/\/amzn.to\/2XA7mkC\" target=\"_blank\" rel=\"noreferrer noopener\" aria-label=\"Bestellen (opens in a new tab)\">Bestellen<\/a><\/figcaption><\/figure><\/li><li class=\"blocks-gallery-item\"><figure><img loading=\"lazy\" decoding=\"async\" width=\"200\" height=\"300\" src=\"https:\/\/variationsphase.de\/vp\/wp-content\/uploads\/2019\/07\/nb-thumb-008.jpg\" alt=\"\" data-id=\"2426\" data-link=\"https:\/\/variationsphase.de\/vp\/?attachment_id=2426\" class=\"wp-image-2426\"\/><figcaption><a href=\"https:\/\/amzn.to\/2xFu8I9\" target=\"_blank\" rel=\"noreferrer noopener\" aria-label=\"Bestellen (opens in a new tab)\">Bestellen<\/a><\/figcaption><\/figure><\/li><li class=\"blocks-gallery-item\"><figure><img loading=\"lazy\" decoding=\"async\" width=\"200\" height=\"300\" src=\"https:\/\/variationsphase.de\/vp\/wp-content\/uploads\/2019\/07\/nb-thumb-009.jpg\" alt=\"\" data-id=\"2427\" data-link=\"https:\/\/variationsphase.de\/vp\/?attachment_id=2427\" class=\"wp-image-2427\"\/><figcaption><a href=\"https:\/\/amzn.to\/2XvJgHs\" target=\"_blank\" rel=\"noreferrer noopener\" aria-label=\"Bestellen (opens in a new tab)\">Bestellen<\/a><\/figcaption><\/figure><\/li><li class=\"blocks-gallery-item\"><figure><img loading=\"lazy\" decoding=\"async\" width=\"200\" height=\"300\" src=\"https:\/\/variationsphase.de\/vp\/wp-content\/uploads\/2019\/07\/nb-thumb-010.jpg\" alt=\"\" data-id=\"2428\" data-link=\"https:\/\/variationsphase.de\/vp\/?attachment_id=2428\" class=\"wp-image-2428\"\/><figcaption><a href=\"https:\/\/amzn.to\/2LLAbDx\" target=\"_blank\" rel=\"noreferrer noopener\" aria-label=\"Bestellen (opens in a new tab)\">Bestellen<\/a><\/figcaption><\/figure><\/li><li class=\"blocks-gallery-item\"><figure><img loading=\"lazy\" decoding=\"async\" width=\"200\" height=\"300\" src=\"https:\/\/variationsphase.de\/vp\/wp-content\/uploads\/2019\/07\/nb-thumb-011.jpg\" alt=\"\" data-id=\"2429\" data-link=\"https:\/\/variationsphase.de\/vp\/?attachment_id=2429\" class=\"wp-image-2429\"\/><figcaption><a href=\"https:\/\/amzn.to\/2JovKwB\" target=\"_blank\" rel=\"noreferrer noopener\" aria-label=\"Bestellen (opens in a new tab)\">Bestellen<\/a><\/figcaption><\/figure><\/li><li class=\"blocks-gallery-item\"><figure><img loading=\"lazy\" decoding=\"async\" width=\"200\" height=\"300\" src=\"https:\/\/variationsphase.de\/vp\/wp-content\/uploads\/2019\/07\/nb-thumb-012.jpg\" alt=\"\" data-id=\"2430\" data-link=\"https:\/\/variationsphase.de\/vp\/?attachment_id=2430\" class=\"wp-image-2430\"\/><figcaption><a href=\"https:\/\/amzn.to\/2LLlhgy\" target=\"_blank\" rel=\"noreferrer noopener\" aria-label=\"Bestellen (opens in a new tab)\">Bestellen<\/a><\/figcaption><\/figure><\/li><li class=\"blocks-gallery-item\"><figure><img loading=\"lazy\" decoding=\"async\" width=\"200\" height=\"300\" src=\"https:\/\/variationsphase.de\/vp\/wp-content\/uploads\/2019\/07\/nb-thumb-013.jpg\" alt=\"\" data-id=\"2431\" data-link=\"https:\/\/variationsphase.de\/vp\/?attachment_id=2431\" class=\"wp-image-2431\"\/><figcaption><a href=\"https:\/\/amzn.to\/2S4Hhns\" target=\"_blank\" rel=\"noreferrer noopener\" aria-label=\"Bestellen (opens in a new tab)\">Bestellen<\/a><\/figcaption><\/figure><\/li><li class=\"blocks-gallery-item\"><figure><img loading=\"lazy\" decoding=\"async\" width=\"200\" height=\"300\" src=\"https:\/\/variationsphase.de\/vp\/wp-content\/uploads\/2019\/07\/nb-thumb-014.jpg\" alt=\"\" data-id=\"2432\" data-link=\"https:\/\/variationsphase.de\/vp\/?attachment_id=2432\" class=\"wp-image-2432\"\/><figcaption><a href=\"https:\/\/amzn.to\/2JocUG4\" target=\"_blank\" rel=\"noreferrer noopener\" aria-label=\"Bestellen (opens in a new tab)\">Bestellen<\/a><\/figcaption><\/figure><\/li><\/ul>\n\n\n\n<h2 class=\"wp-block-heading\">Meine Kugelzeit &#8211; Notizbuch f\u00fcr die Schwangerschaft<\/h2>\n\n\n\n<p>Sp\u00e4testens in meiner zweiten Schwangerschaft habe ich mich ge\u00e4rgert, dass ich all meine Notizen quer \u00fcber Kalender, Blog und andere Ressourcen verteilt habe. Ich hatte mir Checklisten am Rechner gemacht, die ich ausgedruckt habe. Die Notizen aus dem Geburtsvorbereitungskurs und der Klinikbesichtigung waren im Kalender verteilt. Ein ziemliches Chaos. <\/p>\n\n\n\n<p>Wie sch\u00f6n w\u00e4re es gewesen, wenn ich alles geb\u00fcndelt in EIN Notizbuch geschrieben h\u00e4tte? Und genau mit diesem Gedanken habe ich das Innenleben dieses extra auf die Schwangerschaft ausgerichteten Notizbuches entwickelt. <\/p>\n\n\n\n<p><strong>Inhalt des Notizbuchs: <\/strong><\/p>\n\n\n\n<ul class=\"wp-block-list\"><li>Doppelseiten f\u00fcr Erinnerungen von der 5. bis zu 41. SSW <\/li><li>Fragestellungen und Anregungen mit Platz f\u00fcr Notizen auf eigenen Seiten<\/li><li>Verschiedene Listen z.B. f\u00fcr die Namenssuche oder Babys Erstausstattung<\/li><li>N\u00fctzliche Checklisten, z.B. f\u00fcr Kliniktasche, Wochenbett und mehr<\/li><li>Praktischer Leitfaden durch den Antragsdschungel von Mutterschaftsgeld, Kindergeld und Elterngeld<\/li><li>Inhaltsverzeichnis zur \u00dcbersicht<\/li><\/ul>\n\n\n\n<p><strong>Coverauswahl<\/strong><\/p>\n\n\n\n<ul class=\"wp-block-gallery columns-2 wp-block-gallery-2 is-layout-flex wp-block-gallery-is-layout-flex\"><li class=\"blocks-gallery-item\"><figure><img loading=\"lazy\" decoding=\"async\" width=\"200\" height=\"300\" src=\"https:\/\/variationsphase.de\/vp\/wp-content\/uploads\/2019\/07\/lcb-thumb-001.jpg\" alt=\"\" data-id=\"2443\" data-link=\"https:\/\/variationsphase.de\/vp\/?attachment_id=2443\" class=\"wp-image-2443\"\/><figcaption><a href=\"https:\/\/amzn.to\/2Jp2sOv\" target=\"_blank\" rel=\"noreferrer noopener\" aria-label=\"Bestellen (opens in a new tab)\">Bestellen<\/a><\/figcaption><\/figure><\/li><li class=\"blocks-gallery-item\"><figure><img loading=\"lazy\" decoding=\"async\" width=\"200\" height=\"300\" src=\"https:\/\/variationsphase.de\/vp\/wp-content\/uploads\/2019\/07\/lcb-thumb-002.jpg\" alt=\"\" data-id=\"2444\" data-link=\"https:\/\/variationsphase.de\/vp\/?attachment_id=2444\" class=\"wp-image-2444\"\/><figcaption><a href=\"https:\/\/amzn.to\/2LJaFyI\" target=\"_blank\" rel=\"noreferrer noopener\" aria-label=\"Bestellen (opens in a new tab)\">Bestellen<\/a><\/figcaption><\/figure><\/li><\/ul>\n    <div class=\"otw_gm_content\" id=\"otw_grid_manager_content_2379\"><div id=\"otw_grid_manager_content_2379_row_0\" class=\"otw-row\"><div class=\"otw-twentyfour otw-columns end\"><\/div><\/div><\/div>","protected":false},"excerpt":{"rendered":"<p>Ich liebe Notizb\u00fccher und erst k\u00fcrzlich habe ich eine M\u00f6glichkeit entdeckt, meine eigenen Notizb\u00fccher zu entwickeln und on demand \u00fcber Amazon drucken zu lassen. Damit ergeben sich ganz viele Dinge, die ich in n\u00e4chster Zeit gern ausprobieren m\u00f6chte. Notizb\u00fccher mit<\/p>\n","protected":false},"author":1,"featured_media":0,"parent":0,"menu_order":0,"comment_status":"closed","ping_status":"closed","template":"","meta":{"footnotes":""},"class_list":["post-2379","page","type-page","status-publish","hentry","","tg-column-two"],"yoast_head":"<!-- This site is optimized with the Yoast SEO plugin v27.4 - https:\/\/yoast.com\/product\/yoast-seo-wordpress\/ -->\n<title>Notizb\u00fccher - variationsphase<\/title>\n<meta name=\"robots\" content=\"index, follow, max-snippet:-1, max-image-preview:large, max-video-preview:-1\" \/>\n<link rel=\"canonical\" href=\"https:\/\/variationsphase.de\/vp\/notizbuecher\/\" \/>\n<meta property=\"og:locale\" content=\"de_DE\" \/>\n<meta property=\"og:type\" content=\"article\" \/>\n<meta property=\"og:title\" content=\"Notizb\u00fccher - variationsphase\" \/>\n<meta property=\"og:description\" content=\"Ich liebe Notizb\u00fccher und erst k\u00fcrzlich habe ich eine M\u00f6glichkeit entdeckt, meine eigenen Notizb\u00fccher zu entwickeln und on demand \u00fcber Amazon drucken zu lassen. Damit ergeben sich ganz viele Dinge, die ich in n\u00e4chster Zeit gern ausprobieren m\u00f6chte. Notizb\u00fccher mit\" \/>\n<meta property=\"og:url\" content=\"https:\/\/variationsphase.de\/vp\/notizbuecher\/\" \/>\n<meta property=\"og:site_name\" content=\"variationsphase\" \/>\n<meta property=\"article:modified_time\" content=\"2019-07-09T14:51:54+00:00\" \/>\n<meta property=\"og:image\" content=\"http:\/\/variationsphase.de\/vp\/wp-content\/uploads\/2019\/07\/nb-thumb-001.jpg\" \/>\n<meta name=\"twitter:card\" content=\"summary_large_image\" \/>\n<meta name=\"twitter:label1\" content=\"Gesch\u00e4tzte Lesezeit\" \/>\n\t<meta name=\"twitter:data1\" content=\"1\u00a0Minute\" \/>\n<script type=\"application\/ld+json\" class=\"yoast-schema-graph\">{\"@context\":\"https:\\\/\\\/schema.org\",\"@graph\":[{\"@type\":\"WebPage\",\"@id\":\"https:\\\/\\\/variationsphase.de\\\/vp\\\/notizbuecher\\\/\",\"url\":\"https:\\\/\\\/variationsphase.de\\\/vp\\\/notizbuecher\\\/\",\"name\":\"Notizb\u00fccher - variationsphase\",\"isPartOf\":{\"@id\":\"https:\\\/\\\/variationsphase.de\\\/vp\\\/#website\"},\"primaryImageOfPage\":{\"@id\":\"https:\\\/\\\/variationsphase.de\\\/vp\\\/notizbuecher\\\/#primaryimage\"},\"image\":{\"@id\":\"https:\\\/\\\/variationsphase.de\\\/vp\\\/notizbuecher\\\/#primaryimage\"},\"thumbnailUrl\":\"http:\\\/\\\/variationsphase.de\\\/vp\\\/wp-content\\\/uploads\\\/2019\\\/07\\\/nb-thumb-001.jpg\",\"datePublished\":\"2019-07-09T14:50:45+00:00\",\"dateModified\":\"2019-07-09T14:51:54+00:00\",\"breadcrumb\":{\"@id\":\"https:\\\/\\\/variationsphase.de\\\/vp\\\/notizbuecher\\\/#breadcrumb\"},\"inLanguage\":\"de\",\"potentialAction\":[{\"@type\":\"ReadAction\",\"target\":[\"https:\\\/\\\/variationsphase.de\\\/vp\\\/notizbuecher\\\/\"]}]},{\"@type\":\"ImageObject\",\"inLanguage\":\"de\",\"@id\":\"https:\\\/\\\/variationsphase.de\\\/vp\\\/notizbuecher\\\/#primaryimage\",\"url\":\"http:\\\/\\\/variationsphase.de\\\/vp\\\/wp-content\\\/uploads\\\/2019\\\/07\\\/nb-thumb-001.jpg\",\"contentUrl\":\"http:\\\/\\\/variationsphase.de\\\/vp\\\/wp-content\\\/uploads\\\/2019\\\/07\\\/nb-thumb-001.jpg\"},{\"@type\":\"BreadcrumbList\",\"@id\":\"https:\\\/\\\/variationsphase.de\\\/vp\\\/notizbuecher\\\/#breadcrumb\",\"itemListElement\":[{\"@type\":\"ListItem\",\"position\":1,\"name\":\"Home\",\"item\":\"https:\\\/\\\/variationsphase.de\\\/vp\\\/\"},{\"@type\":\"ListItem\",\"position\":2,\"name\":\"Notizb\u00fccher\"}]},{\"@type\":\"WebSite\",\"@id\":\"https:\\\/\\\/variationsphase.de\\\/vp\\\/#website\",\"url\":\"https:\\\/\\\/variationsphase.de\\\/vp\\\/\",\"name\":\"variationsphase\",\"description\":\"Visualisierung und Erz\u00e4hlr\u00e4ume\",\"publisher\":{\"@id\":\"https:\\\/\\\/variationsphase.de\\\/vp\\\/#\\\/schema\\\/person\\\/3bf21877116b4f739db46a11f19ec0dd\"},\"potentialAction\":[{\"@type\":\"SearchAction\",\"target\":{\"@type\":\"EntryPoint\",\"urlTemplate\":\"https:\\\/\\\/variationsphase.de\\\/vp\\\/?s={search_term_string}\"},\"query-input\":{\"@type\":\"PropertyValueSpecification\",\"valueRequired\":true,\"valueName\":\"search_term_string\"}}],\"inLanguage\":\"de\"},{\"@type\":[\"Person\",\"Organization\"],\"@id\":\"https:\\\/\\\/variationsphase.de\\\/vp\\\/#\\\/schema\\\/person\\\/3bf21877116b4f739db46a11f19ec0dd\",\"name\":\"Christina\",\"logo\":{\"@id\":\"https:\\\/\\\/variationsphase.de\\\/vp\\\/#\\\/schema\\\/person\\\/image\\\/\"}}]}<\/script>\n<!-- \/ Yoast SEO plugin. -->","yoast_head_json":{"title":"Notizb\u00fccher - variationsphase","robots":{"index":"index","follow":"follow","max-snippet":"max-snippet:-1","max-image-preview":"max-image-preview:large","max-video-preview":"max-video-preview:-1"},"canonical":"https:\/\/variationsphase.de\/vp\/notizbuecher\/","og_locale":"de_DE","og_type":"article","og_title":"Notizb\u00fccher - variationsphase","og_description":"Ich liebe Notizb\u00fccher und erst k\u00fcrzlich habe ich eine M\u00f6glichkeit entdeckt, meine eigenen Notizb\u00fccher zu entwickeln und on demand \u00fcber Amazon drucken zu lassen. Damit ergeben sich ganz viele Dinge, die ich in n\u00e4chster Zeit gern ausprobieren m\u00f6chte. Notizb\u00fccher mit","og_url":"https:\/\/variationsphase.de\/vp\/notizbuecher\/","og_site_name":"variationsphase","article_modified_time":"2019-07-09T14:51:54+00:00","og_image":[{"url":"http:\/\/variationsphase.de\/vp\/wp-content\/uploads\/2019\/07\/nb-thumb-001.jpg","type":"","width":"","height":""}],"twitter_card":"summary_large_image","twitter_misc":{"Gesch\u00e4tzte Lesezeit":"1\u00a0Minute"},"schema":{"@context":"https:\/\/schema.org","@graph":[{"@type":"WebPage","@id":"https:\/\/variationsphase.de\/vp\/notizbuecher\/","url":"https:\/\/variationsphase.de\/vp\/notizbuecher\/","name":"Notizb\u00fccher - variationsphase","isPartOf":{"@id":"https:\/\/variationsphase.de\/vp\/#website"},"primaryImageOfPage":{"@id":"https:\/\/variationsphase.de\/vp\/notizbuecher\/#primaryimage"},"image":{"@id":"https:\/\/variationsphase.de\/vp\/notizbuecher\/#primaryimage"},"thumbnailUrl":"http:\/\/variationsphase.de\/vp\/wp-content\/uploads\/2019\/07\/nb-thumb-001.jpg","datePublished":"2019-07-09T14:50:45+00:00","dateModified":"2019-07-09T14:51:54+00:00","breadcrumb":{"@id":"https:\/\/variationsphase.de\/vp\/notizbuecher\/#breadcrumb"},"inLanguage":"de","potentialAction":[{"@type":"ReadAction","target":["https:\/\/variationsphase.de\/vp\/notizbuecher\/"]}]},{"@type":"ImageObject","inLanguage":"de","@id":"https:\/\/variationsphase.de\/vp\/notizbuecher\/#primaryimage","url":"http:\/\/variationsphase.de\/vp\/wp-content\/uploads\/2019\/07\/nb-thumb-001.jpg","contentUrl":"http:\/\/variationsphase.de\/vp\/wp-content\/uploads\/2019\/07\/nb-thumb-001.jpg"},{"@type":"BreadcrumbList","@id":"https:\/\/variationsphase.de\/vp\/notizbuecher\/#breadcrumb","itemListElement":[{"@type":"ListItem","position":1,"name":"Home","item":"https:\/\/variationsphase.de\/vp\/"},{"@type":"ListItem","position":2,"name":"Notizb\u00fccher"}]},{"@type":"WebSite","@id":"https:\/\/variationsphase.de\/vp\/#website","url":"https:\/\/variationsphase.de\/vp\/","name":"variationsphase","description":"Visualisierung und Erz\u00e4hlr\u00e4ume","publisher":{"@id":"https:\/\/variationsphase.de\/vp\/#\/schema\/person\/3bf21877116b4f739db46a11f19ec0dd"},"potentialAction":[{"@type":"SearchAction","target":{"@type":"EntryPoint","urlTemplate":"https:\/\/variationsphase.de\/vp\/?s={search_term_string}"},"query-input":{"@type":"PropertyValueSpecification","valueRequired":true,"valueName":"search_term_string"}}],"inLanguage":"de"},{"@type":["Person","Organization"],"@id":"https:\/\/variationsphase.de\/vp\/#\/schema\/person\/3bf21877116b4f739db46a11f19ec0dd","name":"Christina","logo":{"@id":"https:\/\/variationsphase.de\/vp\/#\/schema\/person\/image\/"}}]}},"_links":{"self":[{"href":"https:\/\/variationsphase.de\/vp\/wp-json\/wp\/v2\/pages\/2379","targetHints":{"allow":["GET"]}}],"collection":[{"href":"https:\/\/variationsphase.de\/vp\/wp-json\/wp\/v2\/pages"}],"about":[{"href":"https:\/\/variationsphase.de\/vp\/wp-json\/wp\/v2\/types\/page"}],"author":[{"embeddable":true,"href":"https:\/\/variationsphase.de\/vp\/wp-json\/wp\/v2\/users\/1"}],"replies":[{"embeddable":true,"href":"https:\/\/variationsphase.de\/vp\/wp-json\/wp\/v2\/comments?post=2379"}],"version-history":[{"count":12,"href":"https:\/\/variationsphase.de\/vp\/wp-json\/wp\/v2\/pages\/2379\/revisions"}],"predecessor-version":[{"id":2445,"href":"https:\/\/variationsphase.de\/vp\/wp-json\/wp\/v2\/pages\/2379\/revisions\/2445"}],"wp:attachment":[{"href":"https:\/\/variationsphase.de\/vp\/wp-json\/wp\/v2\/media?parent=2379"}],"curies":[{"name":"wp","href":"https:\/\/api.w.org\/{rel}","templated":true}]}}