{"id":1053,"date":"2016-03-31T10:16:11","date_gmt":"2016-03-31T09:16:11","guid":{"rendered":"http:\/\/variationsphase.de\/vp\/?page_id=1053"},"modified":"2021-01-04T21:32:55","modified_gmt":"2021-01-04T20:32:55","slug":"inspiration-und-anregungen","status":"publish","type":"page","link":"https:\/\/variationsphase.de\/vp\/inspiration-und-anregungen\/","title":{"rendered":"Inspiration und Anregungen"},"content":{"rendered":"<p>Jeder von uns kann kreativ sein. Doch es gibt Tage, da scheint es einem in den Fingern zu jucken und doch der richtige Ansto\u00df zu fehlen. Schnell verirrt man sich dann in den Sozialen Netzwerken, auf Blogs und anderen Portalen. Ehe man sich versieht, ist dann die Zeit, in der man eigentlich zeichnen, malen, schreiben oder fotografieren wollte, wieder weg.<\/p>\n<p>Daher trage ich hier eher Impuls gebene Projekte in Blogs, Foren oder auch bei Facebook zusammen, statt Bildersammlungen.<\/p>\n<h2>Skizzenb\u00fccher<\/h2>\n<ul>\n<li><strong>Skizzenbuchtipps<\/strong> via Papieraugen\n<ul>\n<li>Alex pflegt in ihrem Blog eine Artikelserie mit Tipps rund um Skizzenb\u00fccher und das regelm\u00e4\u00dfige Skizzieren.<\/li>\n<li><a href=\"http:\/\/www.papieraugen.de\" target=\"_blank\" rel=\"noopener noreferrer\">zur Website<\/a> | Schlagwort <a href=\"http:\/\/www.papieraugen.de\/search\/label\/Skizzenbuchtipps\" target=\"_blank\" rel=\"noopener noreferrer\">Skizzenbuchtipps<\/a><\/li>\n<\/ul>\n<\/li>\n<\/ul>\n<ul>\n<li><strong>Naturskizzenbuch<\/strong> via Gesche Santen\n<ul>\n<li>Gesche hat auf ihrer Website verschiedene Anregungen f\u00fcr ein Naturskizzenbuch gesammelt und stellt diese zusammen mit ihren eigenen Ergebnissen in ihrem Blog vor. Wer sich f\u00fcr den Newsletter anmeldet, erh\u00e4lt regelm\u00e4\u00dfig Anregungen ins Postfach.<\/li>\n<li><a href=\"http:\/\/geschesanten.com\/\" target=\"_blank\" rel=\"noopener noreferrer\">zur Website<\/a> | Kategorie <a href=\"http:\/\/geschesanten.com\/category\/inspiration-natur\/naturskizzenbuch\/\" target=\"_blank\" rel=\"noopener noreferrer\">Naturskizzenbuch<\/a><\/li>\n<\/ul>\n<\/li>\n<\/ul>\n<h2>Illustration &amp; Comic<\/h2>\n<ul>\n<li><strong>52-Week Illustration Challenge<\/strong> | w\u00f6chentlich | Englisch | Facebook\n<ul>\n<li>Es gibt eine Liste von 52 Themen, die im Laufe des Jahres 2016 illustriert werden sollen. Analog oder digital spielt hierbei keine Rolle. Ein Austausch findet \u00fcber die Facebook-Gruppe statt. Als Einreichung sind nur die finalen Bilder gew\u00fcnscht. (Keine Links)<\/li>\n<li><a href=\"http:\/\/www.illo52weeks.blogspot.de\/\" target=\"_blank\" rel=\"noopener noreferrer\">Projektwebsite<\/a><\/li>\n<li><a href=\"http:\/\/illo52weeks.blogspot.de\/2015\/12\/2016-challenge-themes-reveal.html\" target=\"_blank\" rel=\"noopener noreferrer\">Themen\u00fcberblick 2016<\/a><\/li>\n<li><a href=\"https:\/\/www.facebook.com\/groups\/418616991575037\/\" target=\"_blank\" rel=\"noopener noreferrer\">Facebook-Gruppe<\/a><\/li>\n<li><a href=\"https:\/\/variationsphase.de\/vp\/tag\/illo52weeks\/\">Meine bisherigen Beitr\u00e4ge<\/a><\/li>\n<\/ul>\n<\/li>\n<\/ul>\n<ul>\n<li><strong>ConceptArt.org Community Activities<\/strong> | t\u00e4glich oder w\u00f6chentlich | Englisch | Forum\n<ul>\n<li>Hier gibt es eine Vielzahl von Herausforderungen. Die Themen werden im jeweiligen Unterforum gepostet. Wer seine Arbeiten teilen m\u00f6chte, ben\u00f6tigt einen Foren-Account (kostenlos). F\u00fcr die Einreichung werden i.d.R. sowohl das fertige Bild, als auch ein WIP gefordert.<\/li>\n<li>Themen: Daily Sketch Group, Character of the Week, Environment of the Week, Creature of the Week, Industrial Design of the Week, Panels of the Week<\/li>\n<li><a href=\"http:\/\/www.conceptart.org\/forums\/forumdisplay.php\/74-ART-COMMUNITY-ACTIVITIES\" target=\"_blank\" rel=\"noopener noreferrer\">Zum Forum<\/a><\/li>\n<\/ul>\n<\/li>\n<\/ul>\n<ul>\n<li><strong>Character Design Challenge<\/strong> | monatlich | Englisch | Facebook\n<ul>\n<li>Es wird monatlich ein Thema von den Moderatoren ver\u00f6ffentlicht &#8211; teilweise mit vorheriger Abstimmung in der Gruppe. Analog oder digital spielt keine Rolle. Ziel ist es, eine ganze Figur zu zeichnen. Auf einen Hintergrund soll verzichtet werden. Ein Austausch findet \u00fcber die Facebook-Gruppe statt. Als Einreichung sind nur die finalen Bilder gew\u00fcnscht. (Keine Links)<\/li>\n<li><a href=\"http:\/\/characterdesignreferences.com\/\" target=\"_blank\" rel=\"noopener noreferrer\">Projektwebsite<\/a><\/li>\n<li><a href=\"http:\/\/characterdesignreferences.com\/challenge-rules\" target=\"_blank\" rel=\"noopener noreferrer\">Regeln <\/a><\/li>\n<li><a href=\"https:\/\/www.facebook.com\/groups\/CharacterDesignChallenge\/\" target=\"_blank\" rel=\"noopener noreferrer\">Facebook-Gruppe<\/a><\/li>\n<\/ul>\n<\/li>\n<\/ul>\n<ul>\n<li><strong>Comic-Collab von Schlogger<\/strong> | monatlich | Deutsch | Blog\n<ul>\n<li>Mitte des Monats wechselt hier immer das Thema. Das Ergebnis postet man auf seiner eigenen Seite und verlinkt die anderen Teilnehmer.<\/li>\n<li><a href=\"http:\/\/schlogger.de\/danach\/comic-collabs\/\" target=\"_blank\" rel=\"noopener noreferrer\">Zur \u00dcbersicht<\/a><\/li>\n<\/ul>\n<\/li>\n<\/ul>\n<ul>\n<li><strong>Tier-ABC von Online Zeichenkurs<\/strong> | individuell | Deutsch | Blog\n<ul>\n<li>Als meine kleine Nichte 2013 zur Welt kam, hatte ich mir u.a. vorgenommen, ein Alphabet zu zeichnen. So richtig losgelegt hatte ich allerdings nie. Scheinbar bin ich mit so einer Idee nicht allein und so hat Steffi vom Online Zeichenkurs eine Liste mit 26 Tieren aufgestellt. Das Tempo ist dabei nat\u00fcrlich jedem Selbst \u00fcberlassen.<\/li>\n<li><a href=\"http:\/\/online-zeichenkurs.de\/bilder\/artikelreihe-abc-tiere-7537.html\" target=\"_blank\" rel=\"noopener noreferrer\">Einstieg zur Artikelserie beim Online Zeichenkurs<\/a><\/li>\n<li><a href=\"https:\/\/rebeccaslieblingsdinge.wordpress.com\/category\/tier-abc\/\" target=\"_blank\" rel=\"noopener noreferrer\">Ideengeberin Rebecca mit ihren Tieren<\/a><\/li>\n<\/ul>\n<\/li>\n<li><strong>Illustration Friday<\/strong> | w\u00f6chentlich | Englisch | Website\n<ul>\n<li>Es wird w\u00f6chentlich &#8211; immer freitags &#8211; ein Thema vorgegeben und man kann seine Illustration auf der Website mit einreichen.<\/li>\n<li><a href=\"http:\/\/illustrationfriday.com\/\" target=\"_blank\" rel=\"noopener noreferrer\">Illustration-Friday<br \/>\n<\/a><\/li>\n<\/ul>\n<\/li>\n<li><strong>Weekly Art Challenges<\/strong> | w\u00f6chentlich | Englisch\n<ul>\n<li><a href=\"http:\/\/weeklyartchallenges.tumblr.com\/\" target=\"_blank\" rel=\"noopener noreferrer\">Tumblr-Website<\/a><\/li>\n<\/ul>\n<\/li>\n<\/ul>\n<h2>Fotografie<\/h2>\n<ul>\n<li><strong>Projekt52 von Sari<\/strong> | w\u00f6chentlich | Deutsch | Blog\n<ul>\n<li>Es gibt ein w\u00f6chentliches Thema, dass fotografisch umgesetzt werden soll. Prinzipiell kann auch gemalt oder gezeichnet werden, die Mehrzahl der Teilnehmer fotografiert hier jedoch. Die Themen werden monatlich im Voraus ver\u00f6ffentlicht und man kann sich einteilen, welches man nun genau in welcher Woche des Monats machen m\u00f6chte.<\/li>\n<li><a href=\"http:\/\/www.mondgras.de\/sari02\/index.php\/projekt-52-allgemeine-informationen\/\" target=\"_blank\" rel=\"noopener noreferrer\">Zur Projektseite<\/a><\/li>\n<li><a href=\"http:\/\/www.mondgras.de\/sari02\/index.php\/projekt-52-die-themen-2016\/\" target=\"_blank\" rel=\"noopener noreferrer\">Zur Themenliste 2016<\/a><\/li>\n<\/ul>\n<\/li>\n<\/ul>\n<h2>Events<\/h2>\n<ul>\n<li><strong>Inktober<\/strong> | j\u00e4hrlich im Oktober | international | Soziale Netzwerke\n<ul>\n<li>Unter dem Tag #inktober vernetzen einmal im Jahr K\u00fcnstler auf der ganzen Welt ihre Tuschezeichnungen in den sozialen Netzwerken. Es ist dabei egal, ob Facebook, Twitter, Instagramm oder \u00c4hnliches. Ziel ist es, eine Tuschezeichnung pro Tag zu erstellen.<\/li>\n<li><a href=\"https:\/\/variationsphase.de\/vp\/2015\/11\/auswertung-inktober-2015\/\" target=\"_blank\" rel=\"noopener noreferrer\">INKtober 2015 auf Variationsphase.de<\/a><\/li>\n<\/ul>\n<\/li>\n<\/ul>\n<ul>\n<li><strong>Nanowrimo<\/strong> | j\u00e4hrlich im November | Englisch (mit deutscher Community) | Website\n<ul>\n<li>Einmal im Jahr im November findet der &#8222;National Novel Writing Month&#8220; statt. Ziel ist es, innerhalb eines Monats 50.000 Worte f\u00fcr seine eigene Geschichte zu schreiben. Das entspricht ca. 1,667 W\u00f6rter pro Tag. Wer mitmachen m\u00f6chte, meldet sich auf der offiziellen Website <a href=\"http:\/\/nanowrimo.org\" target=\"_blank\" rel=\"noopener noreferrer\">nanowrimo.org<\/a> an und k\u00fcndigt seine Geschichte an. Es gibt Badges f\u00fcr erreichte Ziele und vor allem eine Community, die man einerseits \u00fcber das offizielle Forum und andererseits in den sozialen Netzwerken wieder findet.<\/li>\n<li><a href=\"http:\/\/nanowrimo.org\" target=\"_blank\" rel=\"noopener noreferrer\">Zur Website<\/a><\/li>\n<\/ul>\n<\/li>\n<\/ul>\n<h2>Mixed Media<\/h2>\n<ul>\n<li><strong>hitRECord.org<\/strong> | individuell | Englisch | Community\n<ul>\n<li>hitRECord.org ist eine etwas andere Community, die vom Schauspieler Jospeh Gorden-Levitt und seinem Bruder gegr\u00fcndet wurde. Hier steht das collaborative Miteinander im Vordergrund und weniger die Pr\u00e4sentation von Einzelergebnissen. Ziel ist es also, durch aufgreifen der Arbeiten anderer Community-Mitglieder entsprechend neue Werke zu erstellen. Das Team von hitRECord.org leitet hierbei im Hintergrund, um Gemeinschaftsergebnisse zu erzielen, die dann m\u00f6glichst auch ver\u00f6ffentlicht und verkauft werden k\u00f6nnen. (Mitwirkende K\u00fcnstler werden entsprechend entlohnt.)<\/li>\n<li>Beispiele f\u00fcr Ver\u00f6ffentlichungen: Tiny Book of Tiny Stories, Musik LP, TV Show, Live Shows etc. (einfach mal bei amazon nach &#8222;hitrecord&#8220; suchen)<\/li>\n<li><a href=\"https:\/\/www.hitrecord.org\/\" target=\"_blank\" rel=\"noopener noreferrer\">Zur Website<\/a><\/li>\n<li><a href=\"https:\/\/variationsphase.de\/vp\/tag\/hitrecord\/\" target=\"_blank\" rel=\"noopener noreferrer\">Illustrationen f\u00fcr hitRECord in der Variationsphase<\/a><\/li>\n<li><a href=\"https:\/\/hitrecord.org\/users\/gedankenfrei\" target=\"_blank\" rel=\"noopener noreferrer\">Mein Profil<\/a><\/li>\n<\/ul>\n<\/li>\n<\/ul>\n<p>Grunds\u00e4tzlich k\u00f6nnt ihr mit den vorgeschlagenen Themen nat\u00fcrlich machen, was ihr wollt und ob ihr die Ergebnisse dann wirklich &#8222;einreicht&#8220; ist euch ebenfalls \u00fcberlassen.<\/p>\n<p><em><span style=\"color: #808080;\">Ihr kennt weitere Challenges \/ Herausforderungen und Anregungen zum Mitmachen? Dann freue ich mich \u00fcber eure Hinweise, um die Liste hier erg\u00e4nzen zu k\u00f6nnen. Nat\u00fcrlich k\u00f6nnt ihr auch auf eure eigenen Projekte hinweisen. Sie sollten nur immer etwas mit Malen\/Zeichnen\/Fotografieren oder Schreiben zu tun haben.<\/span><\/em><\/p>\n   ","protected":false},"excerpt":{"rendered":"<p>Jeder von uns kann kreativ sein. Doch es gibt Tage, da scheint es einem in den Fingern zu jucken und doch der richtige Ansto\u00df zu fehlen. Schnell verirrt man sich dann in den Sozialen Netzwerken, auf Blogs und anderen Portalen.<\/p>\n","protected":false},"author":1,"featured_media":0,"parent":0,"menu_order":0,"comment_status":"open","ping_status":"open","template":"","meta":{"footnotes":""},"class_list":["post-1053","page","type-page","status-publish","hentry","","tg-column-two"],"yoast_head":"<!-- This site is optimized with the Yoast SEO plugin v27.4 - https:\/\/yoast.com\/product\/yoast-seo-wordpress\/ -->\n<title>Inspiration und Anregungen - variationsphase<\/title>\n<meta name=\"robots\" content=\"index, follow, max-snippet:-1, max-image-preview:large, max-video-preview:-1\" \/>\n<link rel=\"canonical\" href=\"https:\/\/variationsphase.de\/vp\/inspiration-und-anregungen\/\" \/>\n<meta property=\"og:locale\" content=\"de_DE\" \/>\n<meta property=\"og:type\" content=\"article\" \/>\n<meta property=\"og:title\" content=\"Inspiration und Anregungen - variationsphase\" \/>\n<meta property=\"og:description\" content=\"Jeder von uns kann kreativ sein. Doch es gibt Tage, da scheint es einem in den Fingern zu jucken und doch der richtige Ansto\u00df zu fehlen. Schnell verirrt man sich dann in den Sozialen Netzwerken, auf Blogs und anderen Portalen.\" \/>\n<meta property=\"og:url\" content=\"https:\/\/variationsphase.de\/vp\/inspiration-und-anregungen\/\" \/>\n<meta property=\"og:site_name\" content=\"variationsphase\" \/>\n<meta property=\"article:modified_time\" content=\"2021-01-04T20:32:55+00:00\" \/>\n<meta name=\"twitter:card\" content=\"summary_large_image\" \/>\n<meta name=\"twitter:label1\" content=\"Gesch\u00e4tzte Lesezeit\" \/>\n\t<meta name=\"twitter:data1\" content=\"4\u00a0Minuten\" \/>\n<script type=\"application\/ld+json\" class=\"yoast-schema-graph\">{\"@context\":\"https:\\\/\\\/schema.org\",\"@graph\":[{\"@type\":\"WebPage\",\"@id\":\"https:\\\/\\\/variationsphase.de\\\/vp\\\/inspiration-und-anregungen\\\/\",\"url\":\"https:\\\/\\\/variationsphase.de\\\/vp\\\/inspiration-und-anregungen\\\/\",\"name\":\"Inspiration und Anregungen - variationsphase\",\"isPartOf\":{\"@id\":\"https:\\\/\\\/variationsphase.de\\\/vp\\\/#website\"},\"datePublished\":\"2016-03-31T09:16:11+00:00\",\"dateModified\":\"2021-01-04T20:32:55+00:00\",\"breadcrumb\":{\"@id\":\"https:\\\/\\\/variationsphase.de\\\/vp\\\/inspiration-und-anregungen\\\/#breadcrumb\"},\"inLanguage\":\"de\",\"potentialAction\":[{\"@type\":\"ReadAction\",\"target\":[\"https:\\\/\\\/variationsphase.de\\\/vp\\\/inspiration-und-anregungen\\\/\"]}]},{\"@type\":\"BreadcrumbList\",\"@id\":\"https:\\\/\\\/variationsphase.de\\\/vp\\\/inspiration-und-anregungen\\\/#breadcrumb\",\"itemListElement\":[{\"@type\":\"ListItem\",\"position\":1,\"name\":\"Home\",\"item\":\"https:\\\/\\\/variationsphase.de\\\/vp\\\/\"},{\"@type\":\"ListItem\",\"position\":2,\"name\":\"Inspiration und Anregungen\"}]},{\"@type\":\"WebSite\",\"@id\":\"https:\\\/\\\/variationsphase.de\\\/vp\\\/#website\",\"url\":\"https:\\\/\\\/variationsphase.de\\\/vp\\\/\",\"name\":\"variationsphase\",\"description\":\"Visualisierung und Erz\u00e4hlr\u00e4ume\",\"publisher\":{\"@id\":\"https:\\\/\\\/variationsphase.de\\\/vp\\\/#\\\/schema\\\/person\\\/3bf21877116b4f739db46a11f19ec0dd\"},\"potentialAction\":[{\"@type\":\"SearchAction\",\"target\":{\"@type\":\"EntryPoint\",\"urlTemplate\":\"https:\\\/\\\/variationsphase.de\\\/vp\\\/?s={search_term_string}\"},\"query-input\":{\"@type\":\"PropertyValueSpecification\",\"valueRequired\":true,\"valueName\":\"search_term_string\"}}],\"inLanguage\":\"de\"},{\"@type\":[\"Person\",\"Organization\"],\"@id\":\"https:\\\/\\\/variationsphase.de\\\/vp\\\/#\\\/schema\\\/person\\\/3bf21877116b4f739db46a11f19ec0dd\",\"name\":\"Christina\",\"logo\":{\"@id\":\"https:\\\/\\\/variationsphase.de\\\/vp\\\/#\\\/schema\\\/person\\\/image\\\/\"}}]}<\/script>\n<!-- \/ Yoast SEO plugin. -->","yoast_head_json":{"title":"Inspiration und Anregungen - variationsphase","robots":{"index":"index","follow":"follow","max-snippet":"max-snippet:-1","max-image-preview":"max-image-preview:large","max-video-preview":"max-video-preview:-1"},"canonical":"https:\/\/variationsphase.de\/vp\/inspiration-und-anregungen\/","og_locale":"de_DE","og_type":"article","og_title":"Inspiration und Anregungen - variationsphase","og_description":"Jeder von uns kann kreativ sein. Doch es gibt Tage, da scheint es einem in den Fingern zu jucken und doch der richtige Ansto\u00df zu fehlen. Schnell verirrt man sich dann in den Sozialen Netzwerken, auf Blogs und anderen Portalen.","og_url":"https:\/\/variationsphase.de\/vp\/inspiration-und-anregungen\/","og_site_name":"variationsphase","article_modified_time":"2021-01-04T20:32:55+00:00","twitter_card":"summary_large_image","twitter_misc":{"Gesch\u00e4tzte Lesezeit":"4\u00a0Minuten"},"schema":{"@context":"https:\/\/schema.org","@graph":[{"@type":"WebPage","@id":"https:\/\/variationsphase.de\/vp\/inspiration-und-anregungen\/","url":"https:\/\/variationsphase.de\/vp\/inspiration-und-anregungen\/","name":"Inspiration und Anregungen - variationsphase","isPartOf":{"@id":"https:\/\/variationsphase.de\/vp\/#website"},"datePublished":"2016-03-31T09:16:11+00:00","dateModified":"2021-01-04T20:32:55+00:00","breadcrumb":{"@id":"https:\/\/variationsphase.de\/vp\/inspiration-und-anregungen\/#breadcrumb"},"inLanguage":"de","potentialAction":[{"@type":"ReadAction","target":["https:\/\/variationsphase.de\/vp\/inspiration-und-anregungen\/"]}]},{"@type":"BreadcrumbList","@id":"https:\/\/variationsphase.de\/vp\/inspiration-und-anregungen\/#breadcrumb","itemListElement":[{"@type":"ListItem","position":1,"name":"Home","item":"https:\/\/variationsphase.de\/vp\/"},{"@type":"ListItem","position":2,"name":"Inspiration und Anregungen"}]},{"@type":"WebSite","@id":"https:\/\/variationsphase.de\/vp\/#website","url":"https:\/\/variationsphase.de\/vp\/","name":"variationsphase","description":"Visualisierung und Erz\u00e4hlr\u00e4ume","publisher":{"@id":"https:\/\/variationsphase.de\/vp\/#\/schema\/person\/3bf21877116b4f739db46a11f19ec0dd"},"potentialAction":[{"@type":"SearchAction","target":{"@type":"EntryPoint","urlTemplate":"https:\/\/variationsphase.de\/vp\/?s={search_term_string}"},"query-input":{"@type":"PropertyValueSpecification","valueRequired":true,"valueName":"search_term_string"}}],"inLanguage":"de"},{"@type":["Person","Organization"],"@id":"https:\/\/variationsphase.de\/vp\/#\/schema\/person\/3bf21877116b4f739db46a11f19ec0dd","name":"Christina","logo":{"@id":"https:\/\/variationsphase.de\/vp\/#\/schema\/person\/image\/"}}]}},"_links":{"self":[{"href":"https:\/\/variationsphase.de\/vp\/wp-json\/wp\/v2\/pages\/1053","targetHints":{"allow":["GET"]}}],"collection":[{"href":"https:\/\/variationsphase.de\/vp\/wp-json\/wp\/v2\/pages"}],"about":[{"href":"https:\/\/variationsphase.de\/vp\/wp-json\/wp\/v2\/types\/page"}],"author":[{"embeddable":true,"href":"https:\/\/variationsphase.de\/vp\/wp-json\/wp\/v2\/users\/1"}],"replies":[{"embeddable":true,"href":"https:\/\/variationsphase.de\/vp\/wp-json\/wp\/v2\/comments?post=1053"}],"version-history":[{"count":18,"href":"https:\/\/variationsphase.de\/vp\/wp-json\/wp\/v2\/pages\/1053\/revisions"}],"predecessor-version":[{"id":2828,"href":"https:\/\/variationsphase.de\/vp\/wp-json\/wp\/v2\/pages\/1053\/revisions\/2828"}],"wp:attachment":[{"href":"https:\/\/variationsphase.de\/vp\/wp-json\/wp\/v2\/media?parent=1053"}],"curies":[{"name":"wp","href":"https:\/\/api.w.org\/{rel}","templated":true}]}}